{"id":6802,"date":"2021-09-21T14:59:27","date_gmt":"2021-09-21T11:59:27","guid":{"rendered":"https:\/\/www.euphoriaretreat.com\/?page_id=6802"},"modified":"2022-02-25T12:50:22","modified_gmt":"2022-02-25T10:50:22","slug":"unser-ruheraum","status":"publish","type":"page","link":"https:\/\/www.euphoriaretreat.com\/de\/unser-ruheraum\/","title":{"rendered":"Unser Ruheraum"},"content":{"rendered":"<p>Ein spezieller Bereich, der Naturholz und sanft flackernde Kerzen mit einem atemberaubenden Gartenblick verbindet.<\/p>\n<p>Der Entspannungsbereich ist ein Raum, wo G\u00e4ste zwischen den Anwendungen oder w\u00e4hrend der Nutzung von Spa-Einrichtungen eine Pause einlegen und zur Ruhe kommen k\u00f6nnen.<\/p>\n<p>Die W\u00e4nde aus Naturholz und Unmengen von brennenden Kerzen rahmen den sch\u00f6nen Gartenblick ein, der sich von bequemen Liegen aus genie\u00dfen l\u00e4sst. Eine Atmosph\u00e4re, wie geschaffen daf\u00fcr, um bei einem wohltuenden Kr\u00e4utertee oder erfrischend-aromatisiertem Wasser so richtig herunterzukommen. Ein Ort, der dazu einl\u00e4dt, sich k\u00f6rperlich zu regenerieren und seelisch neu aufzutanken.<\/p>\n","protected":false},"excerpt":{"rendered":"<p>Ein spezieller Bereich, der Naturholz und sanft flackernde Kerzen mit einem atemberaubenden Gartenbl&#8230;<\/p>\n","protected":false},"author":1,"featured_media":3637,"parent":0,"menu_order":0,"comment_status":"closed","ping_status":"closed","template":"page-templates\/single-offer.php","meta":{"_acf_changed":false,"footnotes":""},"class_list":["post-6802","page","type-page","status-publish","has-post-thumbnail","hentry"],"acf":[],"yoast_head":"<!-- This site is optimized with the Yoast SEO plugin v27.5 - https:\/\/yoast.com\/product\/yoast-seo-wordpress\/ -->\n<title>Unser Ruheraum - Euphoria Retreat<\/title>\n<meta name=\"robots\" content=\"index, follow, max-snippet:-1, max-image-preview:large, max-video-preview:-1\" \/>\n<link rel=\"canonical\" href=\"https:\/\/www.euphoriaretreat.com\/de\/unser-ruheraum\/\" \/>\n<meta property=\"og:locale\" content=\"de_DE\" \/>\n<meta property=\"og:type\" content=\"article\" \/>\n<meta property=\"og:title\" content=\"Unser Ruheraum - Euphoria Retreat\" \/>\n<meta property=\"og:description\" content=\"Ein spezieller Bereich, der Naturholz und sanft flackernde Kerzen mit einem atemberaubenden Gartenbl...\" \/>\n<meta property=\"og:url\" content=\"https:\/\/www.euphoriaretreat.com\/de\/unser-ruheraum\/\" \/>\n<meta property=\"og:site_name\" content=\"Euphoria Retreat\" \/>\n<meta property=\"article:modified_time\" content=\"2022-02-25T10:50:22+00:00\" \/>\n<meta property=\"og:image\" content=\"https:\/\/www.euphoriaretreat.com\/app\/uploads\/sites\/74\/2021\/04\/High-Res-12_result-compressor.jpg\" \/>\n\t<meta property=\"og:image:width\" content=\"1920\" \/>\n\t<meta property=\"og:image:height\" content=\"1281\" \/>\n\t<meta property=\"og:image:type\" content=\"image\/jpeg\" \/>\n<meta name=\"twitter:card\" content=\"summary_large_image\" \/>\n<meta name=\"twitter:label1\" content=\"Gesch\u00e4tzte Lesezeit\" \/>\n\t<meta name=\"twitter:data1\" content=\"1\u00a0Minute\" \/>\n<script type=\"application\/ld+json\" class=\"yoast-schema-graph\">{\"@context\":\"https:\\\/\\\/schema.org\",\"@graph\":[{\"@type\":\"WebPage\",\"@id\":\"https:\\\/\\\/www.euphoriaretreat.com\\\/de\\\/unser-ruheraum\\\/\",\"url\":\"https:\\\/\\\/www.euphoriaretreat.com\\\/de\\\/unser-ruheraum\\\/\",\"name\":\"Unser Ruheraum - Euphoria Retreat\",\"isPartOf\":{\"@id\":\"https:\\\/\\\/www.euphoriaretreat.com\\\/de\\\/#website\"},\"primaryImageOfPage\":{\"@id\":\"https:\\\/\\\/www.euphoriaretreat.com\\\/de\\\/unser-ruheraum\\\/#primaryimage\"},\"image\":{\"@id\":\"https:\\\/\\\/www.euphoriaretreat.com\\\/de\\\/unser-ruheraum\\\/#primaryimage\"},\"thumbnailUrl\":\"https:\\\/\\\/www.euphoriaretreat.com\\\/app\\\/uploads\\\/sites\\\/74\\\/2021\\\/04\\\/High-Res-12_result-compressor.jpg\",\"datePublished\":\"2021-09-21T11:59:27+00:00\",\"dateModified\":\"2022-02-25T10:50:22+00:00\",\"breadcrumb\":{\"@id\":\"https:\\\/\\\/www.euphoriaretreat.com\\\/de\\\/unser-ruheraum\\\/#breadcrumb\"},\"inLanguage\":\"de\",\"potentialAction\":[{\"@type\":\"ReadAction\",\"target\":[\"https:\\\/\\\/www.euphoriaretreat.com\\\/de\\\/unser-ruheraum\\\/\"]}]},{\"@type\":\"ImageObject\",\"inLanguage\":\"de\",\"@id\":\"https:\\\/\\\/www.euphoriaretreat.com\\\/de\\\/unser-ruheraum\\\/#primaryimage\",\"url\":\"https:\\\/\\\/www.euphoriaretreat.com\\\/app\\\/uploads\\\/sites\\\/74\\\/2021\\\/04\\\/High-Res-12_result-compressor.jpg\",\"contentUrl\":\"https:\\\/\\\/www.euphoriaretreat.com\\\/app\\\/uploads\\\/sites\\\/74\\\/2021\\\/04\\\/High-Res-12_result-compressor.jpg\",\"width\":1920,\"height\":1281},{\"@type\":\"BreadcrumbList\",\"@id\":\"https:\\\/\\\/www.euphoriaretreat.com\\\/de\\\/unser-ruheraum\\\/#breadcrumb\",\"itemListElement\":[{\"@type\":\"ListItem\",\"position\":1,\"name\":\"Home\",\"item\":\"https:\\\/\\\/www.euphoriaretreat.com\\\/de\\\/\"},{\"@type\":\"ListItem\",\"position\":2,\"name\":\"Unser Ruheraum\"}]},{\"@type\":\"WebSite\",\"@id\":\"https:\\\/\\\/www.euphoriaretreat.com\\\/de\\\/#website\",\"url\":\"https:\\\/\\\/www.euphoriaretreat.com\\\/de\\\/\",\"name\":\"Euphoria Retreat\",\"description\":\"A holistic wellbeing destination spa. Located at the foot of Mount Taygetus and surrounded by its private forest, the 5-star Euphoria Retreat in Mystras, Peloponnese has a unique architectural design drawing inspiration from Byzantine architecture.\",\"potentialAction\":[{\"@type\":\"SearchAction\",\"target\":{\"@type\":\"EntryPoint\",\"urlTemplate\":\"https:\\\/\\\/www.euphoriaretreat.com\\\/de\\\/?s={search_term_string}\"},\"query-input\":{\"@type\":\"PropertyValueSpecification\",\"valueRequired\":true,\"valueName\":\"search_term_string\"}}],\"inLanguage\":\"de\"}]}<\/script>\n<!-- \/ Yoast SEO plugin. -->","yoast_head_json":{"title":"Unser Ruheraum - Euphoria Retreat","robots":{"index":"index","follow":"follow","max-snippet":"max-snippet:-1","max-image-preview":"max-image-preview:large","max-video-preview":"max-video-preview:-1"},"canonical":"https:\/\/www.euphoriaretreat.com\/de\/unser-ruheraum\/","og_locale":"de_DE","og_type":"article","og_title":"Unser Ruheraum - Euphoria Retreat","og_description":"Ein spezieller Bereich, der Naturholz und sanft flackernde Kerzen mit einem atemberaubenden Gartenbl...","og_url":"https:\/\/www.euphoriaretreat.com\/de\/unser-ruheraum\/","og_site_name":"Euphoria Retreat","article_modified_time":"2022-02-25T10:50:22+00:00","og_image":[{"width":1920,"height":1281,"url":"https:\/\/www.euphoriaretreat.com\/app\/uploads\/sites\/74\/2021\/04\/High-Res-12_result-compressor.jpg","type":"image\/jpeg"}],"twitter_card":"summary_large_image","twitter_misc":{"Gesch\u00e4tzte Lesezeit":"1\u00a0Minute"},"schema":{"@context":"https:\/\/schema.org","@graph":[{"@type":"WebPage","@id":"https:\/\/www.euphoriaretreat.com\/de\/unser-ruheraum\/","url":"https:\/\/www.euphoriaretreat.com\/de\/unser-ruheraum\/","name":"Unser Ruheraum - Euphoria Retreat","isPartOf":{"@id":"https:\/\/www.euphoriaretreat.com\/de\/#website"},"primaryImageOfPage":{"@id":"https:\/\/www.euphoriaretreat.com\/de\/unser-ruheraum\/#primaryimage"},"image":{"@id":"https:\/\/www.euphoriaretreat.com\/de\/unser-ruheraum\/#primaryimage"},"thumbnailUrl":"https:\/\/www.euphoriaretreat.com\/app\/uploads\/sites\/74\/2021\/04\/High-Res-12_result-compressor.jpg","datePublished":"2021-09-21T11:59:27+00:00","dateModified":"2022-02-25T10:50:22+00:00","breadcrumb":{"@id":"https:\/\/www.euphoriaretreat.com\/de\/unser-ruheraum\/#breadcrumb"},"inLanguage":"de","potentialAction":[{"@type":"ReadAction","target":["https:\/\/www.euphoriaretreat.com\/de\/unser-ruheraum\/"]}]},{"@type":"ImageObject","inLanguage":"de","@id":"https:\/\/www.euphoriaretreat.com\/de\/unser-ruheraum\/#primaryimage","url":"https:\/\/www.euphoriaretreat.com\/app\/uploads\/sites\/74\/2021\/04\/High-Res-12_result-compressor.jpg","contentUrl":"https:\/\/www.euphoriaretreat.com\/app\/uploads\/sites\/74\/2021\/04\/High-Res-12_result-compressor.jpg","width":1920,"height":1281},{"@type":"BreadcrumbList","@id":"https:\/\/www.euphoriaretreat.com\/de\/unser-ruheraum\/#breadcrumb","itemListElement":[{"@type":"ListItem","position":1,"name":"Home","item":"https:\/\/www.euphoriaretreat.com\/de\/"},{"@type":"ListItem","position":2,"name":"Unser Ruheraum"}]},{"@type":"WebSite","@id":"https:\/\/www.euphoriaretreat.com\/de\/#website","url":"https:\/\/www.euphoriaretreat.com\/de\/","name":"Euphoria Retreat","description":"A holistic wellbeing destination spa. Located at the foot of Mount Taygetus and surrounded by its private forest, the 5-star Euphoria Retreat in Mystras, Peloponnese has a unique architectural design drawing inspiration from Byzantine architecture.","potentialAction":[{"@type":"SearchAction","target":{"@type":"EntryPoint","urlTemplate":"https:\/\/www.euphoriaretreat.com\/de\/?s={search_term_string}"},"query-input":{"@type":"PropertyValueSpecification","valueRequired":true,"valueName":"search_term_string"}}],"inLanguage":"de"}]}},"_links":{"self":[{"href":"https:\/\/www.euphoriaretreat.com\/de\/wp-json\/wp\/v2\/pages\/6802","targetHints":{"allow":["GET"]}}],"collection":[{"href":"https:\/\/www.euphoriaretreat.com\/de\/wp-json\/wp\/v2\/pages"}],"about":[{"href":"https:\/\/www.euphoriaretreat.com\/de\/wp-json\/wp\/v2\/types\/page"}],"author":[{"embeddable":true,"href":"https:\/\/www.euphoriaretreat.com\/de\/wp-json\/wp\/v2\/users\/1"}],"replies":[{"embeddable":true,"href":"https:\/\/www.euphoriaretreat.com\/de\/wp-json\/wp\/v2\/comments?post=6802"}],"version-history":[{"count":1,"href":"https:\/\/www.euphoriaretreat.com\/de\/wp-json\/wp\/v2\/pages\/6802\/revisions"}],"predecessor-version":[{"id":9297,"href":"https:\/\/www.euphoriaretreat.com\/de\/wp-json\/wp\/v2\/pages\/6802\/revisions\/9297"}],"wp:featuredmedia":[{"embeddable":true,"href":"https:\/\/www.euphoriaretreat.com\/de\/wp-json\/wp\/v2\/media\/3637"}],"wp:attachment":[{"href":"https:\/\/www.euphoriaretreat.com\/de\/wp-json\/wp\/v2\/media?parent=6802"}],"curies":[{"name":"wp","href":"https:\/\/api.w.org\/{rel}","templated":true}]}}