{"id":6803,"date":"2021-09-21T15:00:36","date_gmt":"2021-09-21T12:00:36","guid":{"rendered":"https:\/\/www.euphoriaretreat.com\/?page_id=6803"},"modified":"2022-02-25T12:46:54","modified_gmt":"2022-02-25T10:46:54","slug":"pool-entspannungsbereich","status":"publish","type":"page","link":"https:\/\/www.euphoriaretreat.com\/de\/pool-entspannungsbereich\/","title":{"rendered":"Pool-Entspannungsbereich"},"content":{"rendered":"<p>Ein erholsamer Ort f\u00fcr Momente der Ruhe und Besinnung<\/p>\n<p>Zeit und die Gelegenheit zur Reflexion sind die wohl wertvollsten Faktoren auf jeder Reise zur Regeneration. Genie\u00dfen Sie nach einer Reihe au\u00dfergew\u00f6hnlicher Spa-Erlebnisse, die K\u00f6rper, Geist und Seele in Einklang bringen, die Ruhe und den Frieden unseres Pool-Relax-Bereichs, der von innen nach au\u00dfen flie\u00dft.<\/p>\n<p>Durch das kreisf\u00f6rmige Oberlicht fallen Sonnenstrahlen in den Raum, bequeme Sitzgelegenheiten s\u00e4umen die geschwungenen W\u00e4nde. Lehnen Sie sich zur\u00fcck und lassen Sie  den Blick \u00fcber die Landschaftsg\u00e4rten und das Tal mit seinen Orangen- und Zitronenhainen schweifen. Dies ist der perfekte Ort, um \u00fcber die wohltuende Wirkung Ihrer Behandlungen nachzudenken und &#8211; wenn Sie sich bereit dazu f\u00fchlen &#8211; gute Vors\u00e4tze f\u00fcr Ihren Alltag zu Hause zu fassen.<\/p>\n","protected":false},"excerpt":{"rendered":"<p>Ein erholsamer Ort f\u00fcr Momente der Ruhe und Besinnung Zeit und die Gelegenheit zur Reflexion sind d&#8230;<\/p>\n","protected":false},"author":1,"featured_media":3637,"parent":0,"menu_order":0,"comment_status":"closed","ping_status":"closed","template":"page-templates\/single-offer.php","meta":{"_acf_changed":false,"footnotes":""},"class_list":["post-6803","page","type-page","status-publish","has-post-thumbnail","hentry"],"acf":[],"yoast_head":"<!-- This site is optimized with the Yoast SEO plugin v27.5 - https:\/\/yoast.com\/product\/yoast-seo-wordpress\/ -->\n<title>Pool-Entspannungsbereich - Euphoria Retreat<\/title>\n<meta name=\"robots\" content=\"index, follow, max-snippet:-1, max-image-preview:large, max-video-preview:-1\" \/>\n<link rel=\"canonical\" href=\"https:\/\/www.euphoriaretreat.com\/de\/pool-entspannungsbereich\/\" \/>\n<meta property=\"og:locale\" content=\"de_DE\" \/>\n<meta property=\"og:type\" content=\"article\" \/>\n<meta property=\"og:title\" content=\"Pool-Entspannungsbereich - Euphoria Retreat\" \/>\n<meta property=\"og:description\" content=\"Ein erholsamer Ort f\u00fcr Momente der Ruhe und Besinnung Zeit und die Gelegenheit zur Reflexion sind d...\" \/>\n<meta property=\"og:url\" content=\"https:\/\/www.euphoriaretreat.com\/de\/pool-entspannungsbereich\/\" \/>\n<meta property=\"og:site_name\" content=\"Euphoria Retreat\" \/>\n<meta property=\"article:modified_time\" content=\"2022-02-25T10:46:54+00:00\" \/>\n<meta property=\"og:image\" content=\"https:\/\/www.euphoriaretreat.com\/app\/uploads\/sites\/74\/2021\/04\/High-Res-12_result-compressor.jpg\" \/>\n\t<meta property=\"og:image:width\" content=\"1920\" \/>\n\t<meta property=\"og:image:height\" content=\"1281\" \/>\n\t<meta property=\"og:image:type\" content=\"image\/jpeg\" \/>\n<meta name=\"twitter:card\" content=\"summary_large_image\" \/>\n<meta name=\"twitter:label1\" content=\"Gesch\u00e4tzte Lesezeit\" \/>\n\t<meta name=\"twitter:data1\" content=\"1\u00a0Minute\" \/>\n<script type=\"application\/ld+json\" class=\"yoast-schema-graph\">{\"@context\":\"https:\\\/\\\/schema.org\",\"@graph\":[{\"@type\":\"WebPage\",\"@id\":\"https:\\\/\\\/www.euphoriaretreat.com\\\/de\\\/pool-entspannungsbereich\\\/\",\"url\":\"https:\\\/\\\/www.euphoriaretreat.com\\\/de\\\/pool-entspannungsbereich\\\/\",\"name\":\"Pool-Entspannungsbereich - Euphoria Retreat\",\"isPartOf\":{\"@id\":\"https:\\\/\\\/www.euphoriaretreat.com\\\/de\\\/#website\"},\"primaryImageOfPage\":{\"@id\":\"https:\\\/\\\/www.euphoriaretreat.com\\\/de\\\/pool-entspannungsbereich\\\/#primaryimage\"},\"image\":{\"@id\":\"https:\\\/\\\/www.euphoriaretreat.com\\\/de\\\/pool-entspannungsbereich\\\/#primaryimage\"},\"thumbnailUrl\":\"https:\\\/\\\/www.euphoriaretreat.com\\\/app\\\/uploads\\\/sites\\\/74\\\/2021\\\/04\\\/High-Res-12_result-compressor.jpg\",\"datePublished\":\"2021-09-21T12:00:36+00:00\",\"dateModified\":\"2022-02-25T10:46:54+00:00\",\"breadcrumb\":{\"@id\":\"https:\\\/\\\/www.euphoriaretreat.com\\\/de\\\/pool-entspannungsbereich\\\/#breadcrumb\"},\"inLanguage\":\"de\",\"potentialAction\":[{\"@type\":\"ReadAction\",\"target\":[\"https:\\\/\\\/www.euphoriaretreat.com\\\/de\\\/pool-entspannungsbereich\\\/\"]}]},{\"@type\":\"ImageObject\",\"inLanguage\":\"de\",\"@id\":\"https:\\\/\\\/www.euphoriaretreat.com\\\/de\\\/pool-entspannungsbereich\\\/#primaryimage\",\"url\":\"https:\\\/\\\/www.euphoriaretreat.com\\\/app\\\/uploads\\\/sites\\\/74\\\/2021\\\/04\\\/High-Res-12_result-compressor.jpg\",\"contentUrl\":\"https:\\\/\\\/www.euphoriaretreat.com\\\/app\\\/uploads\\\/sites\\\/74\\\/2021\\\/04\\\/High-Res-12_result-compressor.jpg\",\"width\":1920,\"height\":1281},{\"@type\":\"BreadcrumbList\",\"@id\":\"https:\\\/\\\/www.euphoriaretreat.com\\\/de\\\/pool-entspannungsbereich\\\/#breadcrumb\",\"itemListElement\":[{\"@type\":\"ListItem\",\"position\":1,\"name\":\"Home\",\"item\":\"https:\\\/\\\/www.euphoriaretreat.com\\\/de\\\/\"},{\"@type\":\"ListItem\",\"position\":2,\"name\":\"Pool-Entspannungsbereich\"}]},{\"@type\":\"WebSite\",\"@id\":\"https:\\\/\\\/www.euphoriaretreat.com\\\/de\\\/#website\",\"url\":\"https:\\\/\\\/www.euphoriaretreat.com\\\/de\\\/\",\"name\":\"Euphoria Retreat\",\"description\":\"A holistic wellbeing destination spa. Located at the foot of Mount Taygetus and surrounded by its private forest, the 5-star Euphoria Retreat in Mystras, Peloponnese has a unique architectural design drawing inspiration from Byzantine architecture.\",\"potentialAction\":[{\"@type\":\"SearchAction\",\"target\":{\"@type\":\"EntryPoint\",\"urlTemplate\":\"https:\\\/\\\/www.euphoriaretreat.com\\\/de\\\/?s={search_term_string}\"},\"query-input\":{\"@type\":\"PropertyValueSpecification\",\"valueRequired\":true,\"valueName\":\"search_term_string\"}}],\"inLanguage\":\"de\"}]}<\/script>\n<!-- \/ Yoast SEO plugin. -->","yoast_head_json":{"title":"Pool-Entspannungsbereich - Euphoria Retreat","robots":{"index":"index","follow":"follow","max-snippet":"max-snippet:-1","max-image-preview":"max-image-preview:large","max-video-preview":"max-video-preview:-1"},"canonical":"https:\/\/www.euphoriaretreat.com\/de\/pool-entspannungsbereich\/","og_locale":"de_DE","og_type":"article","og_title":"Pool-Entspannungsbereich - Euphoria Retreat","og_description":"Ein erholsamer Ort f\u00fcr Momente der Ruhe und Besinnung Zeit und die Gelegenheit zur Reflexion sind d...","og_url":"https:\/\/www.euphoriaretreat.com\/de\/pool-entspannungsbereich\/","og_site_name":"Euphoria Retreat","article_modified_time":"2022-02-25T10:46:54+00:00","og_image":[{"width":1920,"height":1281,"url":"https:\/\/www.euphoriaretreat.com\/app\/uploads\/sites\/74\/2021\/04\/High-Res-12_result-compressor.jpg","type":"image\/jpeg"}],"twitter_card":"summary_large_image","twitter_misc":{"Gesch\u00e4tzte Lesezeit":"1\u00a0Minute"},"schema":{"@context":"https:\/\/schema.org","@graph":[{"@type":"WebPage","@id":"https:\/\/www.euphoriaretreat.com\/de\/pool-entspannungsbereich\/","url":"https:\/\/www.euphoriaretreat.com\/de\/pool-entspannungsbereich\/","name":"Pool-Entspannungsbereich - Euphoria Retreat","isPartOf":{"@id":"https:\/\/www.euphoriaretreat.com\/de\/#website"},"primaryImageOfPage":{"@id":"https:\/\/www.euphoriaretreat.com\/de\/pool-entspannungsbereich\/#primaryimage"},"image":{"@id":"https:\/\/www.euphoriaretreat.com\/de\/pool-entspannungsbereich\/#primaryimage"},"thumbnailUrl":"https:\/\/www.euphoriaretreat.com\/app\/uploads\/sites\/74\/2021\/04\/High-Res-12_result-compressor.jpg","datePublished":"2021-09-21T12:00:36+00:00","dateModified":"2022-02-25T10:46:54+00:00","breadcrumb":{"@id":"https:\/\/www.euphoriaretreat.com\/de\/pool-entspannungsbereich\/#breadcrumb"},"inLanguage":"de","potentialAction":[{"@type":"ReadAction","target":["https:\/\/www.euphoriaretreat.com\/de\/pool-entspannungsbereich\/"]}]},{"@type":"ImageObject","inLanguage":"de","@id":"https:\/\/www.euphoriaretreat.com\/de\/pool-entspannungsbereich\/#primaryimage","url":"https:\/\/www.euphoriaretreat.com\/app\/uploads\/sites\/74\/2021\/04\/High-Res-12_result-compressor.jpg","contentUrl":"https:\/\/www.euphoriaretreat.com\/app\/uploads\/sites\/74\/2021\/04\/High-Res-12_result-compressor.jpg","width":1920,"height":1281},{"@type":"BreadcrumbList","@id":"https:\/\/www.euphoriaretreat.com\/de\/pool-entspannungsbereich\/#breadcrumb","itemListElement":[{"@type":"ListItem","position":1,"name":"Home","item":"https:\/\/www.euphoriaretreat.com\/de\/"},{"@type":"ListItem","position":2,"name":"Pool-Entspannungsbereich"}]},{"@type":"WebSite","@id":"https:\/\/www.euphoriaretreat.com\/de\/#website","url":"https:\/\/www.euphoriaretreat.com\/de\/","name":"Euphoria Retreat","description":"A holistic wellbeing destination spa. Located at the foot of Mount Taygetus and surrounded by its private forest, the 5-star Euphoria Retreat in Mystras, Peloponnese has a unique architectural design drawing inspiration from Byzantine architecture.","potentialAction":[{"@type":"SearchAction","target":{"@type":"EntryPoint","urlTemplate":"https:\/\/www.euphoriaretreat.com\/de\/?s={search_term_string}"},"query-input":{"@type":"PropertyValueSpecification","valueRequired":true,"valueName":"search_term_string"}}],"inLanguage":"de"}]}},"_links":{"self":[{"href":"https:\/\/www.euphoriaretreat.com\/de\/wp-json\/wp\/v2\/pages\/6803","targetHints":{"allow":["GET"]}}],"collection":[{"href":"https:\/\/www.euphoriaretreat.com\/de\/wp-json\/wp\/v2\/pages"}],"about":[{"href":"https:\/\/www.euphoriaretreat.com\/de\/wp-json\/wp\/v2\/types\/page"}],"author":[{"embeddable":true,"href":"https:\/\/www.euphoriaretreat.com\/de\/wp-json\/wp\/v2\/users\/1"}],"replies":[{"embeddable":true,"href":"https:\/\/www.euphoriaretreat.com\/de\/wp-json\/wp\/v2\/comments?post=6803"}],"version-history":[{"count":1,"href":"https:\/\/www.euphoriaretreat.com\/de\/wp-json\/wp\/v2\/pages\/6803\/revisions"}],"predecessor-version":[{"id":9295,"href":"https:\/\/www.euphoriaretreat.com\/de\/wp-json\/wp\/v2\/pages\/6803\/revisions\/9295"}],"wp:featuredmedia":[{"embeddable":true,"href":"https:\/\/www.euphoriaretreat.com\/de\/wp-json\/wp\/v2\/media\/3637"}],"wp:attachment":[{"href":"https:\/\/www.euphoriaretreat.com\/de\/wp-json\/wp\/v2\/media?parent=6803"}],"curies":[{"name":"wp","href":"https:\/\/api.w.org\/{rel}","templated":true}]}}