{"id":20234,"date":"2021-03-31T16:28:32","date_gmt":"2021-03-31T13:28:32","guid":{"rendered":"https:\/\/www.euphoriaretreat.com\/our-spa\/fantastic-facilities\/"},"modified":"2023-04-20T12:58:50","modified_gmt":"2023-04-20T09:58:50","slug":"fantastic-facilities","status":"publish","type":"page","link":"https:\/\/www.euphoriaretreat.com\/fr\/our-spa\/fantastic-facilities\/","title":{"rendered":"Installations magnifiques"},"content":{"rendered":"<p>Dramatiquement con\u00e7u et tr\u00e8s original, notre choix \u00e9tonnant d&rsquo;installations de spa, r\u00e9parties sur quatre \u00e9tages, a contribu\u00e9 \u00e0 positionner Euphoria Retreat comme l&rsquo;un des meilleurs h\u00f4tels spa de Gr\u00e8ce. Correctement centr\u00e9 autour du premier des \u00e9l\u00e9ments &#8211; l&rsquo;eau &#8211; qui symbolise les nouveaux d\u00e9parts et la cr\u00e9ativit\u00e9, votre voyage commence par le \u00ab puits d&rsquo;eau \u00bb central et ses bains de pieds qui offrent tous les avantages de la th\u00e9rapie Kneipp et vous pr\u00e9parent pour vos prochaines \u00e9tapes. Vient ensuite notre extraordinaire piscine Sphere o\u00f9 vous pouvez plonger \u00e0 4 m\u00e8tres, vous connecter \u00e0 vos instincts primaires et vivre une exp\u00e9rience semblable \u00e0 une renaissance sensorielle en flottant ensuite dans la piscine \u00e0 d\u00e9bordement ext\u00e9rieure. Ces caract\u00e9ristiques exceptionnelles sont accompagn\u00e9es d&rsquo;une s\u00e9rie tout aussi inventive de th\u00e9rapies \u00e0 base d&rsquo;eau et de chaleur, de piscines, de vapeurs, de saunas, de douches et plus encore, toutes con\u00e7ues avec soin pour soutenir les programmes et les retraites de bien-\u00eatre Euphoria, et toutes contribuant \u00e0 inciter un retour au centre du c\u0153ur dans nos visiteurs.<\/p>\n<p>La coh\u00e9rence entre notre philosophie et nos installations est quelque chose qui a distingu\u00e9 Euphoria en tant que passerelle thermale vers une meilleure sant\u00e9 et l&rsquo;une des meilleures retraites thermales d&rsquo;Europe. L&rsquo;utilisation de l&rsquo;eau, du sel, de la chaleur, de l&rsquo;air frais et des changements de temp\u00e9rature puisent subtilement dans le symbolisme des cinq \u00e9l\u00e9ments, un concept qui constitue le fondement de la philosophie de gu\u00e9rison d&rsquo;Euphoria. Des masses de lumi\u00e8re naturelle, une palette de couleurs jaunes et dor\u00e9es et une ambiance feutr\u00e9e se combinent pour cr\u00e9er un environnement harmonieux et \u00e9quilibr\u00e9 qui vise \u00e0 vous plonger plus profond\u00e9ment en vous-m\u00eame et \u00e0 inspirer une r\u00e9flexion tranquille. Des studios de Pilates et de gym au rez-de-chauss\u00e9e aux salles de yoga et de m\u00e9ditation qui s&rsquo;ouvrent sur un patio ext\u00e9rieur avec un bain \u00e0 remous californien et de vastes vues sur la for\u00eat, nos installations vous laisseront enti\u00e8rement revitalis\u00e9 et r\u00e9\u00e9quilibr\u00e9. En effet, l&rsquo;exp\u00e9rience ext\u00e9rieure de nos installations refl\u00e8te et encourage le voyage int\u00e9rieur que nous esp\u00e9rons que tous nos clients experimenteront lorsqu&rsquo;ils exploreront le spa et le  bien-\u00eatre qu&rsquo;est Euphoria.<\/p>\n","protected":false},"excerpt":{"rendered":"<p>Dramatiquement con\u00e7u et tr\u00e8s original, notre choix \u00e9tonnant d&rsquo;installations de spa, r\u00e9part&#8230;<\/p>\n","protected":false},"author":1,"featured_media":14104,"parent":20214,"menu_order":0,"comment_status":"closed","ping_status":"closed","template":"page-templates\/rooms.php","meta":{"_acf_changed":false,"footnotes":""},"class_list":["post-20234","page","type-page","status-publish","has-post-thumbnail","hentry"],"acf":[],"yoast_head":"<!-- This site is optimized with the Yoast SEO plugin v27.5 - https:\/\/yoast.com\/product\/yoast-seo-wordpress\/ -->\n<title>Fundamentally elemental wellness facilities | Euphoria Retreat<\/title>\n<meta name=\"description\" content=\"Appropriately centred around the first of the elements, Water, the wellness facilities of Euphoria Retreat transform its healing powers into wellbeing experiences.\" \/>\n<meta name=\"robots\" content=\"index, follow, max-snippet:-1, max-image-preview:large, max-video-preview:-1\" \/>\n<link rel=\"canonical\" href=\"https:\/\/www.euphoriaretreat.com\/fr\/our-spa\/fantastic-facilities\/\" \/>\n<meta property=\"og:locale\" content=\"fr_FR\" \/>\n<meta property=\"og:type\" content=\"article\" \/>\n<meta property=\"og:title\" content=\"Fundamentally elemental wellness facilities | Euphoria Retreat\" \/>\n<meta property=\"og:description\" content=\"Appropriately centred around the first of the elements, Water, the wellness facilities of Euphoria Retreat transform its healing powers into wellbeing experiences.\" \/>\n<meta property=\"og:url\" content=\"https:\/\/www.euphoriaretreat.com\/fr\/our-spa\/fantastic-facilities\/\" \/>\n<meta property=\"og:site_name\" content=\"Euphoria Retreat\" \/>\n<meta property=\"article:modified_time\" content=\"2023-04-20T09:58:50+00:00\" \/>\n<meta property=\"og:image\" content=\"https:\/\/www.euphoriaretreat.com\/app\/uploads\/sites\/74\/2021\/05\/High-Res-62-1.jpg\" \/>\n\t<meta property=\"og:image:width\" content=\"1894\" \/>\n\t<meta property=\"og:image:height\" content=\"1265\" \/>\n\t<meta property=\"og:image:type\" content=\"image\/jpeg\" \/>\n<meta name=\"twitter:card\" content=\"summary_large_image\" \/>\n<meta name=\"twitter:label1\" content=\"Dur\u00e9e de lecture estim\u00e9e\" \/>\n\t<meta name=\"twitter:data1\" content=\"2 minutes\" \/>\n<script type=\"application\/ld+json\" class=\"yoast-schema-graph\">{\"@context\":\"https:\\\/\\\/schema.org\",\"@graph\":[{\"@type\":\"WebPage\",\"@id\":\"https:\\\/\\\/www.euphoriaretreat.com\\\/fr\\\/our-spa\\\/fantastic-facilities\\\/\",\"url\":\"https:\\\/\\\/www.euphoriaretreat.com\\\/fr\\\/our-spa\\\/fantastic-facilities\\\/\",\"name\":\"Fundamentally elemental wellness facilities | Euphoria Retreat\",\"isPartOf\":{\"@id\":\"https:\\\/\\\/www.euphoriaretreat.com\\\/fr\\\/#website\"},\"primaryImageOfPage\":{\"@id\":\"https:\\\/\\\/www.euphoriaretreat.com\\\/fr\\\/our-spa\\\/fantastic-facilities\\\/#primaryimage\"},\"image\":{\"@id\":\"https:\\\/\\\/www.euphoriaretreat.com\\\/fr\\\/our-spa\\\/fantastic-facilities\\\/#primaryimage\"},\"thumbnailUrl\":\"https:\\\/\\\/www.euphoriaretreat.com\\\/app\\\/uploads\\\/sites\\\/74\\\/2021\\\/05\\\/High-Res-62-1.jpg\",\"datePublished\":\"2021-03-31T13:28:32+00:00\",\"dateModified\":\"2023-04-20T09:58:50+00:00\",\"description\":\"Appropriately centred around the first of the elements, Water, the wellness facilities of Euphoria Retreat transform its healing powers into wellbeing experiences.\",\"breadcrumb\":{\"@id\":\"https:\\\/\\\/www.euphoriaretreat.com\\\/fr\\\/our-spa\\\/fantastic-facilities\\\/#breadcrumb\"},\"inLanguage\":\"fr-FR\",\"potentialAction\":[{\"@type\":\"ReadAction\",\"target\":[\"https:\\\/\\\/www.euphoriaretreat.com\\\/fr\\\/our-spa\\\/fantastic-facilities\\\/\"]}]},{\"@type\":\"ImageObject\",\"inLanguage\":\"fr-FR\",\"@id\":\"https:\\\/\\\/www.euphoriaretreat.com\\\/fr\\\/our-spa\\\/fantastic-facilities\\\/#primaryimage\",\"url\":\"https:\\\/\\\/www.euphoriaretreat.com\\\/app\\\/uploads\\\/sites\\\/74\\\/2021\\\/05\\\/High-Res-62-1.jpg\",\"contentUrl\":\"https:\\\/\\\/www.euphoriaretreat.com\\\/app\\\/uploads\\\/sites\\\/74\\\/2021\\\/05\\\/High-Res-62-1.jpg\",\"width\":1894,\"height\":1265},{\"@type\":\"BreadcrumbList\",\"@id\":\"https:\\\/\\\/www.euphoriaretreat.com\\\/fr\\\/our-spa\\\/fantastic-facilities\\\/#breadcrumb\",\"itemListElement\":[{\"@type\":\"ListItem\",\"position\":1,\"name\":\"Home\",\"item\":\"https:\\\/\\\/www.euphoriaretreat.com\\\/fr\\\/\"},{\"@type\":\"ListItem\",\"position\":2,\"name\":\"Notre Spa\",\"item\":\"https:\\\/\\\/www.euphoriaretreat.com\\\/fr\\\/our-spa\\\/\"},{\"@type\":\"ListItem\",\"position\":3,\"name\":\"Installations magnifiques\"}]},{\"@type\":\"WebSite\",\"@id\":\"https:\\\/\\\/www.euphoriaretreat.com\\\/fr\\\/#website\",\"url\":\"https:\\\/\\\/www.euphoriaretreat.com\\\/fr\\\/\",\"name\":\"Euphoria Retreat\",\"description\":\"A holistic wellbeing destination spa. Located at the foot of Mount Taygetus and surrounded by its private forest, the 5-star Euphoria Retreat in Mystras, Peloponnese has a unique architectural design drawing inspiration from Byzantine architecture.\",\"potentialAction\":[{\"@type\":\"SearchAction\",\"target\":{\"@type\":\"EntryPoint\",\"urlTemplate\":\"https:\\\/\\\/www.euphoriaretreat.com\\\/fr\\\/?s={search_term_string}\"},\"query-input\":{\"@type\":\"PropertyValueSpecification\",\"valueRequired\":true,\"valueName\":\"search_term_string\"}}],\"inLanguage\":\"fr-FR\"}]}<\/script>\n<!-- \/ Yoast SEO plugin. -->","yoast_head_json":{"title":"Fundamentally elemental wellness facilities | Euphoria Retreat","description":"Appropriately centred around the first of the elements, Water, the wellness facilities of Euphoria Retreat transform its healing powers into wellbeing experiences.","robots":{"index":"index","follow":"follow","max-snippet":"max-snippet:-1","max-image-preview":"max-image-preview:large","max-video-preview":"max-video-preview:-1"},"canonical":"https:\/\/www.euphoriaretreat.com\/fr\/our-spa\/fantastic-facilities\/","og_locale":"fr_FR","og_type":"article","og_title":"Fundamentally elemental wellness facilities | Euphoria Retreat","og_description":"Appropriately centred around the first of the elements, Water, the wellness facilities of Euphoria Retreat transform its healing powers into wellbeing experiences.","og_url":"https:\/\/www.euphoriaretreat.com\/fr\/our-spa\/fantastic-facilities\/","og_site_name":"Euphoria Retreat","article_modified_time":"2023-04-20T09:58:50+00:00","og_image":[{"width":1894,"height":1265,"url":"https:\/\/www.euphoriaretreat.com\/app\/uploads\/sites\/74\/2021\/05\/High-Res-62-1.jpg","type":"image\/jpeg"}],"twitter_card":"summary_large_image","twitter_misc":{"Dur\u00e9e de lecture estim\u00e9e":"2 minutes"},"schema":{"@context":"https:\/\/schema.org","@graph":[{"@type":"WebPage","@id":"https:\/\/www.euphoriaretreat.com\/fr\/our-spa\/fantastic-facilities\/","url":"https:\/\/www.euphoriaretreat.com\/fr\/our-spa\/fantastic-facilities\/","name":"Fundamentally elemental wellness facilities | Euphoria Retreat","isPartOf":{"@id":"https:\/\/www.euphoriaretreat.com\/fr\/#website"},"primaryImageOfPage":{"@id":"https:\/\/www.euphoriaretreat.com\/fr\/our-spa\/fantastic-facilities\/#primaryimage"},"image":{"@id":"https:\/\/www.euphoriaretreat.com\/fr\/our-spa\/fantastic-facilities\/#primaryimage"},"thumbnailUrl":"https:\/\/www.euphoriaretreat.com\/app\/uploads\/sites\/74\/2021\/05\/High-Res-62-1.jpg","datePublished":"2021-03-31T13:28:32+00:00","dateModified":"2023-04-20T09:58:50+00:00","description":"Appropriately centred around the first of the elements, Water, the wellness facilities of Euphoria Retreat transform its healing powers into wellbeing experiences.","breadcrumb":{"@id":"https:\/\/www.euphoriaretreat.com\/fr\/our-spa\/fantastic-facilities\/#breadcrumb"},"inLanguage":"fr-FR","potentialAction":[{"@type":"ReadAction","target":["https:\/\/www.euphoriaretreat.com\/fr\/our-spa\/fantastic-facilities\/"]}]},{"@type":"ImageObject","inLanguage":"fr-FR","@id":"https:\/\/www.euphoriaretreat.com\/fr\/our-spa\/fantastic-facilities\/#primaryimage","url":"https:\/\/www.euphoriaretreat.com\/app\/uploads\/sites\/74\/2021\/05\/High-Res-62-1.jpg","contentUrl":"https:\/\/www.euphoriaretreat.com\/app\/uploads\/sites\/74\/2021\/05\/High-Res-62-1.jpg","width":1894,"height":1265},{"@type":"BreadcrumbList","@id":"https:\/\/www.euphoriaretreat.com\/fr\/our-spa\/fantastic-facilities\/#breadcrumb","itemListElement":[{"@type":"ListItem","position":1,"name":"Home","item":"https:\/\/www.euphoriaretreat.com\/fr\/"},{"@type":"ListItem","position":2,"name":"Notre Spa","item":"https:\/\/www.euphoriaretreat.com\/fr\/our-spa\/"},{"@type":"ListItem","position":3,"name":"Installations magnifiques"}]},{"@type":"WebSite","@id":"https:\/\/www.euphoriaretreat.com\/fr\/#website","url":"https:\/\/www.euphoriaretreat.com\/fr\/","name":"Euphoria Retreat","description":"A holistic wellbeing destination spa. Located at the foot of Mount Taygetus and surrounded by its private forest, the 5-star Euphoria Retreat in Mystras, Peloponnese has a unique architectural design drawing inspiration from Byzantine architecture.","potentialAction":[{"@type":"SearchAction","target":{"@type":"EntryPoint","urlTemplate":"https:\/\/www.euphoriaretreat.com\/fr\/?s={search_term_string}"},"query-input":{"@type":"PropertyValueSpecification","valueRequired":true,"valueName":"search_term_string"}}],"inLanguage":"fr-FR"}]}},"_links":{"self":[{"href":"https:\/\/www.euphoriaretreat.com\/fr\/wp-json\/wp\/v2\/pages\/20234","targetHints":{"allow":["GET"]}}],"collection":[{"href":"https:\/\/www.euphoriaretreat.com\/fr\/wp-json\/wp\/v2\/pages"}],"about":[{"href":"https:\/\/www.euphoriaretreat.com\/fr\/wp-json\/wp\/v2\/types\/page"}],"author":[{"embeddable":true,"href":"https:\/\/www.euphoriaretreat.com\/fr\/wp-json\/wp\/v2\/users\/1"}],"replies":[{"embeddable":true,"href":"https:\/\/www.euphoriaretreat.com\/fr\/wp-json\/wp\/v2\/comments?post=20234"}],"version-history":[{"count":6,"href":"https:\/\/www.euphoriaretreat.com\/fr\/wp-json\/wp\/v2\/pages\/20234\/revisions"}],"predecessor-version":[{"id":21112,"href":"https:\/\/www.euphoriaretreat.com\/fr\/wp-json\/wp\/v2\/pages\/20234\/revisions\/21112"}],"up":[{"embeddable":true,"href":"https:\/\/www.euphoriaretreat.com\/fr\/wp-json\/wp\/v2\/pages\/20214"}],"wp:featuredmedia":[{"embeddable":true,"href":"https:\/\/www.euphoriaretreat.com\/fr\/wp-json\/wp\/v2\/media\/14104"}],"wp:attachment":[{"href":"https:\/\/www.euphoriaretreat.com\/fr\/wp-json\/wp\/v2\/media?parent=20234"}],"curies":[{"name":"wp","href":"https:\/\/api.w.org\/{rel}","templated":true}]}}