{"id":20248,"date":"2021-03-16T14:42:22","date_gmt":"2021-03-16T12:42:22","guid":{"rendered":"https:\/\/www.euphoriaretreat.com\/our-food\/"},"modified":"2024-05-02T12:54:18","modified_gmt":"2024-05-02T09:54:18","slug":"our-food","status":"publish","type":"page","link":"https:\/\/www.euphoriaretreat.com\/fr\/our-food\/","title":{"rendered":"Notre gastronomie"},"content":{"rendered":"<p>Au c\u0153ur de tout s\u00e9jour \u00e0 Euphoria se trouve notre nourriture. Contrairement \u00e0 de nombreux spas, ici, chaque client mange diff\u00e9remment en fonction de ses besoins individuels. C&rsquo;est pourquoi les repas ne sont pas inclus dans nos programmes. Notre test \u00ab 3GL \u00bb fournira des informations pr\u00e9cieuses sur la fa\u00e7on dont votre corps m\u00e9tabolise les aliments. Peut-\u00eatre avez-vous besoin d&rsquo;augmenter votre apport en vitamines et d&rsquo;\u00e9quilibrer votre esprit et votre humeur. Ou peut-\u00eatre voulez-vous changer une relation malsaine \u00e0 long terme avec la nourriture. Quels que soient vos r\u00e9sultats, quels que soient vos objectifs, l&rsquo;approche Euphoria n&rsquo;est pas une question de privation, c&rsquo;est une question d&rsquo;\u00e9quilibre et de plaisir. Nous proposons une alimentation m\u00e9diterran\u00e9enne saine et scientifiquement prouv\u00e9e.<\/p>\n","protected":false},"excerpt":{"rendered":"<p>Au c\u0153ur de tout s\u00e9jour \u00e0 Euphoria se trouve notre nourriture. Contrairement \u00e0 de nombreux spas, &#8230;<\/p>\n","protected":false},"author":1,"featured_media":13836,"parent":0,"menu_order":0,"comment_status":"closed","ping_status":"closed","template":"page-templates\/nutrition.php","meta":{"_acf_changed":false,"footnotes":""},"class_list":["post-20248","page","type-page","status-publish","has-post-thumbnail","hentry"],"acf":[],"yoast_head":"<!-- This site is optimized with the Yoast SEO plugin v27.4 - https:\/\/yoast.com\/product\/yoast-seo-wordpress\/ -->\n<title>Food philosophy &amp; bespoke healthy nutrition at \u0395uphoria Retreat<\/title>\n<meta name=\"description\" content=\"Our food philosophy focuses on understanding your metabolism which insightfully informs your individually-oriented healthy nutrition at Euphoria Retreat.\" \/>\n<meta name=\"robots\" content=\"index, follow, max-snippet:-1, max-image-preview:large, max-video-preview:-1\" \/>\n<link rel=\"canonical\" href=\"https:\/\/www.euphoriaretreat.com\/fr\/our-food\/\" \/>\n<meta property=\"og:locale\" content=\"fr_FR\" \/>\n<meta property=\"og:type\" content=\"article\" \/>\n<meta property=\"og:title\" content=\"Food philosophy &amp; bespoke healthy nutrition at \u0395uphoria Retreat\" \/>\n<meta property=\"og:description\" content=\"Our food philosophy focuses on understanding your metabolism which insightfully informs your individually-oriented healthy nutrition at Euphoria Retreat.\" \/>\n<meta property=\"og:url\" content=\"https:\/\/www.euphoriaretreat.com\/fr\/our-food\/\" \/>\n<meta property=\"og:site_name\" content=\"Euphoria Retreat\" \/>\n<meta property=\"article:modified_time\" content=\"2024-05-02T09:54:18+00:00\" \/>\n<meta property=\"og:image\" content=\"https:\/\/www.euphoriaretreat.com\/app\/uploads\/sites\/74\/2021\/03\/nutrition01.jpg\" \/>\n\t<meta property=\"og:image:width\" content=\"1920\" \/>\n\t<meta property=\"og:image:height\" content=\"1080\" \/>\n\t<meta property=\"og:image:type\" content=\"image\/jpeg\" \/>\n<meta name=\"twitter:card\" content=\"summary_large_image\" \/>\n<meta name=\"twitter:label1\" content=\"Dur\u00e9e de lecture estim\u00e9e\" \/>\n\t<meta name=\"twitter:data1\" content=\"1 minute\" \/>\n<script type=\"application\/ld+json\" class=\"yoast-schema-graph\">{\"@context\":\"https:\\\/\\\/schema.org\",\"@graph\":[{\"@type\":\"WebPage\",\"@id\":\"https:\\\/\\\/www.euphoriaretreat.com\\\/fr\\\/our-food\\\/\",\"url\":\"https:\\\/\\\/www.euphoriaretreat.com\\\/fr\\\/our-food\\\/\",\"name\":\"Food philosophy & bespoke healthy nutrition at \u0395uphoria Retreat\",\"isPartOf\":{\"@id\":\"https:\\\/\\\/www.euphoriaretreat.com\\\/fr\\\/#website\"},\"primaryImageOfPage\":{\"@id\":\"https:\\\/\\\/www.euphoriaretreat.com\\\/fr\\\/our-food\\\/#primaryimage\"},\"image\":{\"@id\":\"https:\\\/\\\/www.euphoriaretreat.com\\\/fr\\\/our-food\\\/#primaryimage\"},\"thumbnailUrl\":\"https:\\\/\\\/www.euphoriaretreat.com\\\/app\\\/uploads\\\/sites\\\/74\\\/2021\\\/03\\\/nutrition01.jpg\",\"datePublished\":\"2021-03-16T12:42:22+00:00\",\"dateModified\":\"2024-05-02T09:54:18+00:00\",\"description\":\"Our food philosophy focuses on understanding your metabolism which insightfully informs your individually-oriented healthy nutrition at Euphoria Retreat.\",\"breadcrumb\":{\"@id\":\"https:\\\/\\\/www.euphoriaretreat.com\\\/fr\\\/our-food\\\/#breadcrumb\"},\"inLanguage\":\"fr-FR\",\"potentialAction\":[{\"@type\":\"ReadAction\",\"target\":[\"https:\\\/\\\/www.euphoriaretreat.com\\\/fr\\\/our-food\\\/\"]}]},{\"@type\":\"ImageObject\",\"inLanguage\":\"fr-FR\",\"@id\":\"https:\\\/\\\/www.euphoriaretreat.com\\\/fr\\\/our-food\\\/#primaryimage\",\"url\":\"https:\\\/\\\/www.euphoriaretreat.com\\\/app\\\/uploads\\\/sites\\\/74\\\/2021\\\/03\\\/nutrition01.jpg\",\"contentUrl\":\"https:\\\/\\\/www.euphoriaretreat.com\\\/app\\\/uploads\\\/sites\\\/74\\\/2021\\\/03\\\/nutrition01.jpg\",\"width\":1920,\"height\":1080},{\"@type\":\"BreadcrumbList\",\"@id\":\"https:\\\/\\\/www.euphoriaretreat.com\\\/fr\\\/our-food\\\/#breadcrumb\",\"itemListElement\":[{\"@type\":\"ListItem\",\"position\":1,\"name\":\"Home\",\"item\":\"https:\\\/\\\/www.euphoriaretreat.com\\\/fr\\\/\"},{\"@type\":\"ListItem\",\"position\":2,\"name\":\"Notre gastronomie\"}]},{\"@type\":\"WebSite\",\"@id\":\"https:\\\/\\\/www.euphoriaretreat.com\\\/fr\\\/#website\",\"url\":\"https:\\\/\\\/www.euphoriaretreat.com\\\/fr\\\/\",\"name\":\"Euphoria Retreat\",\"description\":\"A holistic wellbeing destination spa. Located at the foot of Mount Taygetus and surrounded by its private forest, the 5-star Euphoria Retreat in Mystras, Peloponnese has a unique architectural design drawing inspiration from Byzantine architecture.\",\"potentialAction\":[{\"@type\":\"SearchAction\",\"target\":{\"@type\":\"EntryPoint\",\"urlTemplate\":\"https:\\\/\\\/www.euphoriaretreat.com\\\/fr\\\/?s={search_term_string}\"},\"query-input\":{\"@type\":\"PropertyValueSpecification\",\"valueRequired\":true,\"valueName\":\"search_term_string\"}}],\"inLanguage\":\"fr-FR\"}]}<\/script>\n<!-- \/ Yoast SEO plugin. -->","yoast_head_json":{"title":"Food philosophy & bespoke healthy nutrition at \u0395uphoria Retreat","description":"Our food philosophy focuses on understanding your metabolism which insightfully informs your individually-oriented healthy nutrition at Euphoria Retreat.","robots":{"index":"index","follow":"follow","max-snippet":"max-snippet:-1","max-image-preview":"max-image-preview:large","max-video-preview":"max-video-preview:-1"},"canonical":"https:\/\/www.euphoriaretreat.com\/fr\/our-food\/","og_locale":"fr_FR","og_type":"article","og_title":"Food philosophy & bespoke healthy nutrition at \u0395uphoria Retreat","og_description":"Our food philosophy focuses on understanding your metabolism which insightfully informs your individually-oriented healthy nutrition at Euphoria Retreat.","og_url":"https:\/\/www.euphoriaretreat.com\/fr\/our-food\/","og_site_name":"Euphoria Retreat","article_modified_time":"2024-05-02T09:54:18+00:00","og_image":[{"width":1920,"height":1080,"url":"https:\/\/www.euphoriaretreat.com\/app\/uploads\/sites\/74\/2021\/03\/nutrition01.jpg","type":"image\/jpeg"}],"twitter_card":"summary_large_image","twitter_misc":{"Dur\u00e9e de lecture estim\u00e9e":"1 minute"},"schema":{"@context":"https:\/\/schema.org","@graph":[{"@type":"WebPage","@id":"https:\/\/www.euphoriaretreat.com\/fr\/our-food\/","url":"https:\/\/www.euphoriaretreat.com\/fr\/our-food\/","name":"Food philosophy & bespoke healthy nutrition at \u0395uphoria Retreat","isPartOf":{"@id":"https:\/\/www.euphoriaretreat.com\/fr\/#website"},"primaryImageOfPage":{"@id":"https:\/\/www.euphoriaretreat.com\/fr\/our-food\/#primaryimage"},"image":{"@id":"https:\/\/www.euphoriaretreat.com\/fr\/our-food\/#primaryimage"},"thumbnailUrl":"https:\/\/www.euphoriaretreat.com\/app\/uploads\/sites\/74\/2021\/03\/nutrition01.jpg","datePublished":"2021-03-16T12:42:22+00:00","dateModified":"2024-05-02T09:54:18+00:00","description":"Our food philosophy focuses on understanding your metabolism which insightfully informs your individually-oriented healthy nutrition at Euphoria Retreat.","breadcrumb":{"@id":"https:\/\/www.euphoriaretreat.com\/fr\/our-food\/#breadcrumb"},"inLanguage":"fr-FR","potentialAction":[{"@type":"ReadAction","target":["https:\/\/www.euphoriaretreat.com\/fr\/our-food\/"]}]},{"@type":"ImageObject","inLanguage":"fr-FR","@id":"https:\/\/www.euphoriaretreat.com\/fr\/our-food\/#primaryimage","url":"https:\/\/www.euphoriaretreat.com\/app\/uploads\/sites\/74\/2021\/03\/nutrition01.jpg","contentUrl":"https:\/\/www.euphoriaretreat.com\/app\/uploads\/sites\/74\/2021\/03\/nutrition01.jpg","width":1920,"height":1080},{"@type":"BreadcrumbList","@id":"https:\/\/www.euphoriaretreat.com\/fr\/our-food\/#breadcrumb","itemListElement":[{"@type":"ListItem","position":1,"name":"Home","item":"https:\/\/www.euphoriaretreat.com\/fr\/"},{"@type":"ListItem","position":2,"name":"Notre gastronomie"}]},{"@type":"WebSite","@id":"https:\/\/www.euphoriaretreat.com\/fr\/#website","url":"https:\/\/www.euphoriaretreat.com\/fr\/","name":"Euphoria Retreat","description":"A holistic wellbeing destination spa. Located at the foot of Mount Taygetus and surrounded by its private forest, the 5-star Euphoria Retreat in Mystras, Peloponnese has a unique architectural design drawing inspiration from Byzantine architecture.","potentialAction":[{"@type":"SearchAction","target":{"@type":"EntryPoint","urlTemplate":"https:\/\/www.euphoriaretreat.com\/fr\/?s={search_term_string}"},"query-input":{"@type":"PropertyValueSpecification","valueRequired":true,"valueName":"search_term_string"}}],"inLanguage":"fr-FR"}]}},"_links":{"self":[{"href":"https:\/\/www.euphoriaretreat.com\/fr\/wp-json\/wp\/v2\/pages\/20248","targetHints":{"allow":["GET"]}}],"collection":[{"href":"https:\/\/www.euphoriaretreat.com\/fr\/wp-json\/wp\/v2\/pages"}],"about":[{"href":"https:\/\/www.euphoriaretreat.com\/fr\/wp-json\/wp\/v2\/types\/page"}],"author":[{"embeddable":true,"href":"https:\/\/www.euphoriaretreat.com\/fr\/wp-json\/wp\/v2\/users\/1"}],"replies":[{"embeddable":true,"href":"https:\/\/www.euphoriaretreat.com\/fr\/wp-json\/wp\/v2\/comments?post=20248"}],"version-history":[{"count":11,"href":"https:\/\/www.euphoriaretreat.com\/fr\/wp-json\/wp\/v2\/pages\/20248\/revisions"}],"predecessor-version":[{"id":26894,"href":"https:\/\/www.euphoriaretreat.com\/fr\/wp-json\/wp\/v2\/pages\/20248\/revisions\/26894"}],"wp:featuredmedia":[{"embeddable":true,"href":"https:\/\/www.euphoriaretreat.com\/fr\/wp-json\/wp\/v2\/media\/13836"}],"wp:attachment":[{"href":"https:\/\/www.euphoriaretreat.com\/fr\/wp-json\/wp\/v2\/media?parent=20248"}],"curies":[{"name":"wp","href":"https:\/\/api.w.org\/{rel}","templated":true}]}}