{"id":20430,"date":"2021-04-19T12:41:14","date_gmt":"2021-04-19T09:41:14","guid":{"rendered":"https:\/\/www.euphoriaretreat.com\/location\/unesco-mystras\/"},"modified":"2023-05-04T13:36:58","modified_gmt":"2023-05-04T10:36:58","slug":"unesco-mystras","status":"publish","type":"page","link":"https:\/\/www.euphoriaretreat.com\/fr\/location\/unesco-mystras\/","title":{"rendered":"Mystras de l&rsquo;UNESCO"},"content":{"rendered":"<p>\u00c0 quelques minutes en voiture de notre porte ou lors d&rsquo;une randonn\u00e9e vivifiante, les clients d&rsquo;Euphoria Retreat peuvent int\u00e9grer une visite transportante dans la ville fortifi\u00e9e de Mystras \u00e0 leur retraite de spa et de bien-\u00eatre. Pour tous ceux qui souhaitent s&rsquo;\u00e9loigner des avanc\u00e9es technologiques de la vie moderne et s&rsquo;immerger dans la paix, la beaut\u00e9 d&rsquo;un paysage qui inspirera, Mystras, \u00ab\u00a0la merveille de Mor\u00e9e\u00a0\u00bb, est un must. Combattu par les Francs, les V\u00e9nitiens, les Byzantins et les Ottomans, et maintenant un site important et visuellement \u00e9poustouflant du patrimoine mondial de l&rsquo;Unesco, il y a quelque chose de fascinant \u00e0 explorer ses \u00e9glises, monast\u00e8res, palais et ruines byzantins perdus. C&rsquo;est l\u00e0 que le grand \u00e9rudit n\u00e9o-platonicien, Gemistus Pletho, a commenc\u00e9 son \u00e9cole de philosophie avant de relancer l&rsquo;apprentissage du grec en Europe occidentale. Alors que sept si\u00e8cles se sont \u00e9coul\u00e9s depuis l&rsquo;apog\u00e9e de Byzance, la m\u00eame aura qui a sans aucun doute inspir\u00e9 l&rsquo;\u00e9panouissement intellectuel, artistique et architectural de l&rsquo;\u00e9poque se poursuit encore aujourd&rsquo;hui. Impr\u00e9gnez-vous de l&rsquo;atmosph\u00e8re sacr\u00e9e de la cath\u00e9drale d&rsquo;Agios Demetrios et du monast\u00e8re de Panagia Perivleptos, promenez-vous sur des sentiers pav\u00e9s tranquilles, parcourez des sentiers sinueux \u00e0 flanc de montagne et arr\u00eatez-vous dans le calme pour admirer des vues immenses et profond\u00e9ment curatives.<\/p>\n","protected":false},"excerpt":{"rendered":"<p>\u00c0 quelques minutes en voiture de notre porte ou lors d&rsquo;une randonn\u00e9e vivifiante, les clients&#8230;<\/p>\n","protected":false},"author":1,"featured_media":14408,"parent":20415,"menu_order":3,"comment_status":"closed","ping_status":"closed","template":"page-templates\/restaurant.php","meta":{"_acf_changed":false,"footnotes":""},"class_list":["post-20430","page","type-page","status-publish","has-post-thumbnail","hentry"],"acf":[],"yoast_head":"<!-- This site is optimized with the Yoast SEO plugin v27.4 - https:\/\/yoast.com\/product\/yoast-seo-wordpress\/ -->\n<title>The timeless UNESCO site of Mystras castle | Euphoria Retreat<\/title>\n<meta name=\"description\" content=\"Mystras castle is timeless &amp; mesmerising, a visually stunning relic of a tumultuous past steeped in symbolism and an important Unesco World Heritage site.\" \/>\n<meta name=\"robots\" content=\"index, follow, max-snippet:-1, max-image-preview:large, max-video-preview:-1\" \/>\n<link rel=\"canonical\" href=\"https:\/\/www.euphoriaretreat.com\/fr\/location\/unesco-mystras\/\" \/>\n<meta property=\"og:locale\" content=\"fr_FR\" \/>\n<meta property=\"og:type\" content=\"article\" \/>\n<meta property=\"og:title\" content=\"The timeless UNESCO site of Mystras castle | Euphoria Retreat\" \/>\n<meta property=\"og:description\" content=\"Mystras castle is timeless &amp; mesmerising, a visually stunning relic of a tumultuous past steeped in symbolism and an important Unesco World Heritage site.\" \/>\n<meta property=\"og:url\" content=\"https:\/\/www.euphoriaretreat.com\/fr\/location\/unesco-mystras\/\" \/>\n<meta property=\"og:site_name\" content=\"Euphoria Retreat\" \/>\n<meta property=\"article:modified_time\" content=\"2023-05-04T10:36:58+00:00\" \/>\n<meta property=\"og:image\" content=\"https:\/\/www.euphoriaretreat.com\/app\/uploads\/sites\/74\/2021\/06\/location_result.jpeg\" \/>\n\t<meta property=\"og:image:width\" content=\"961\" \/>\n\t<meta property=\"og:image:height\" content=\"745\" \/>\n\t<meta property=\"og:image:type\" content=\"image\/jpeg\" \/>\n<meta name=\"twitter:card\" content=\"summary_large_image\" \/>\n<meta name=\"twitter:label1\" content=\"Dur\u00e9e de lecture estim\u00e9e\" \/>\n\t<meta name=\"twitter:data1\" content=\"1 minute\" \/>\n<script type=\"application\/ld+json\" class=\"yoast-schema-graph\">{\"@context\":\"https:\\\/\\\/schema.org\",\"@graph\":[{\"@type\":\"WebPage\",\"@id\":\"https:\\\/\\\/www.euphoriaretreat.com\\\/fr\\\/location\\\/unesco-mystras\\\/\",\"url\":\"https:\\\/\\\/www.euphoriaretreat.com\\\/fr\\\/location\\\/unesco-mystras\\\/\",\"name\":\"The timeless UNESCO site of Mystras castle | Euphoria Retreat\",\"isPartOf\":{\"@id\":\"https:\\\/\\\/www.euphoriaretreat.com\\\/fr\\\/#website\"},\"primaryImageOfPage\":{\"@id\":\"https:\\\/\\\/www.euphoriaretreat.com\\\/fr\\\/location\\\/unesco-mystras\\\/#primaryimage\"},\"image\":{\"@id\":\"https:\\\/\\\/www.euphoriaretreat.com\\\/fr\\\/location\\\/unesco-mystras\\\/#primaryimage\"},\"thumbnailUrl\":\"https:\\\/\\\/www.euphoriaretreat.com\\\/app\\\/uploads\\\/sites\\\/74\\\/2021\\\/06\\\/location_result.jpeg\",\"datePublished\":\"2021-04-19T09:41:14+00:00\",\"dateModified\":\"2023-05-04T10:36:58+00:00\",\"description\":\"Mystras castle is timeless & mesmerising, a visually stunning relic of a tumultuous past steeped in symbolism and an important Unesco World Heritage site.\",\"breadcrumb\":{\"@id\":\"https:\\\/\\\/www.euphoriaretreat.com\\\/fr\\\/location\\\/unesco-mystras\\\/#breadcrumb\"},\"inLanguage\":\"fr-FR\",\"potentialAction\":[{\"@type\":\"ReadAction\",\"target\":[\"https:\\\/\\\/www.euphoriaretreat.com\\\/fr\\\/location\\\/unesco-mystras\\\/\"]}]},{\"@type\":\"ImageObject\",\"inLanguage\":\"fr-FR\",\"@id\":\"https:\\\/\\\/www.euphoriaretreat.com\\\/fr\\\/location\\\/unesco-mystras\\\/#primaryimage\",\"url\":\"https:\\\/\\\/www.euphoriaretreat.com\\\/app\\\/uploads\\\/sites\\\/74\\\/2021\\\/06\\\/location_result.jpeg\",\"contentUrl\":\"https:\\\/\\\/www.euphoriaretreat.com\\\/app\\\/uploads\\\/sites\\\/74\\\/2021\\\/06\\\/location_result.jpeg\",\"width\":961,\"height\":745},{\"@type\":\"BreadcrumbList\",\"@id\":\"https:\\\/\\\/www.euphoriaretreat.com\\\/fr\\\/location\\\/unesco-mystras\\\/#breadcrumb\",\"itemListElement\":[{\"@type\":\"ListItem\",\"position\":1,\"name\":\"Home\",\"item\":\"https:\\\/\\\/www.euphoriaretreat.com\\\/fr\\\/\"},{\"@type\":\"ListItem\",\"position\":2,\"name\":\"Emplacement\",\"item\":\"https:\\\/\\\/www.euphoriaretreat.com\\\/fr\\\/location\\\/\"},{\"@type\":\"ListItem\",\"position\":3,\"name\":\"Mystras de l&rsquo;UNESCO\"}]},{\"@type\":\"WebSite\",\"@id\":\"https:\\\/\\\/www.euphoriaretreat.com\\\/fr\\\/#website\",\"url\":\"https:\\\/\\\/www.euphoriaretreat.com\\\/fr\\\/\",\"name\":\"Euphoria Retreat\",\"description\":\"A holistic wellbeing destination spa. Located at the foot of Mount Taygetus and surrounded by its private forest, the 5-star Euphoria Retreat in Mystras, Peloponnese has a unique architectural design drawing inspiration from Byzantine architecture.\",\"potentialAction\":[{\"@type\":\"SearchAction\",\"target\":{\"@type\":\"EntryPoint\",\"urlTemplate\":\"https:\\\/\\\/www.euphoriaretreat.com\\\/fr\\\/?s={search_term_string}\"},\"query-input\":{\"@type\":\"PropertyValueSpecification\",\"valueRequired\":true,\"valueName\":\"search_term_string\"}}],\"inLanguage\":\"fr-FR\"}]}<\/script>\n<!-- \/ Yoast SEO plugin. -->","yoast_head_json":{"title":"The timeless UNESCO site of Mystras castle | Euphoria Retreat","description":"Mystras castle is timeless & mesmerising, a visually stunning relic of a tumultuous past steeped in symbolism and an important Unesco World Heritage site.","robots":{"index":"index","follow":"follow","max-snippet":"max-snippet:-1","max-image-preview":"max-image-preview:large","max-video-preview":"max-video-preview:-1"},"canonical":"https:\/\/www.euphoriaretreat.com\/fr\/location\/unesco-mystras\/","og_locale":"fr_FR","og_type":"article","og_title":"The timeless UNESCO site of Mystras castle | Euphoria Retreat","og_description":"Mystras castle is timeless & mesmerising, a visually stunning relic of a tumultuous past steeped in symbolism and an important Unesco World Heritage site.","og_url":"https:\/\/www.euphoriaretreat.com\/fr\/location\/unesco-mystras\/","og_site_name":"Euphoria Retreat","article_modified_time":"2023-05-04T10:36:58+00:00","og_image":[{"width":961,"height":745,"url":"https:\/\/www.euphoriaretreat.com\/app\/uploads\/sites\/74\/2021\/06\/location_result.jpeg","type":"image\/jpeg"}],"twitter_card":"summary_large_image","twitter_misc":{"Dur\u00e9e de lecture estim\u00e9e":"1 minute"},"schema":{"@context":"https:\/\/schema.org","@graph":[{"@type":"WebPage","@id":"https:\/\/www.euphoriaretreat.com\/fr\/location\/unesco-mystras\/","url":"https:\/\/www.euphoriaretreat.com\/fr\/location\/unesco-mystras\/","name":"The timeless UNESCO site of Mystras castle | Euphoria Retreat","isPartOf":{"@id":"https:\/\/www.euphoriaretreat.com\/fr\/#website"},"primaryImageOfPage":{"@id":"https:\/\/www.euphoriaretreat.com\/fr\/location\/unesco-mystras\/#primaryimage"},"image":{"@id":"https:\/\/www.euphoriaretreat.com\/fr\/location\/unesco-mystras\/#primaryimage"},"thumbnailUrl":"https:\/\/www.euphoriaretreat.com\/app\/uploads\/sites\/74\/2021\/06\/location_result.jpeg","datePublished":"2021-04-19T09:41:14+00:00","dateModified":"2023-05-04T10:36:58+00:00","description":"Mystras castle is timeless & mesmerising, a visually stunning relic of a tumultuous past steeped in symbolism and an important Unesco World Heritage site.","breadcrumb":{"@id":"https:\/\/www.euphoriaretreat.com\/fr\/location\/unesco-mystras\/#breadcrumb"},"inLanguage":"fr-FR","potentialAction":[{"@type":"ReadAction","target":["https:\/\/www.euphoriaretreat.com\/fr\/location\/unesco-mystras\/"]}]},{"@type":"ImageObject","inLanguage":"fr-FR","@id":"https:\/\/www.euphoriaretreat.com\/fr\/location\/unesco-mystras\/#primaryimage","url":"https:\/\/www.euphoriaretreat.com\/app\/uploads\/sites\/74\/2021\/06\/location_result.jpeg","contentUrl":"https:\/\/www.euphoriaretreat.com\/app\/uploads\/sites\/74\/2021\/06\/location_result.jpeg","width":961,"height":745},{"@type":"BreadcrumbList","@id":"https:\/\/www.euphoriaretreat.com\/fr\/location\/unesco-mystras\/#breadcrumb","itemListElement":[{"@type":"ListItem","position":1,"name":"Home","item":"https:\/\/www.euphoriaretreat.com\/fr\/"},{"@type":"ListItem","position":2,"name":"Emplacement","item":"https:\/\/www.euphoriaretreat.com\/fr\/location\/"},{"@type":"ListItem","position":3,"name":"Mystras de l&rsquo;UNESCO"}]},{"@type":"WebSite","@id":"https:\/\/www.euphoriaretreat.com\/fr\/#website","url":"https:\/\/www.euphoriaretreat.com\/fr\/","name":"Euphoria Retreat","description":"A holistic wellbeing destination spa. Located at the foot of Mount Taygetus and surrounded by its private forest, the 5-star Euphoria Retreat in Mystras, Peloponnese has a unique architectural design drawing inspiration from Byzantine architecture.","potentialAction":[{"@type":"SearchAction","target":{"@type":"EntryPoint","urlTemplate":"https:\/\/www.euphoriaretreat.com\/fr\/?s={search_term_string}"},"query-input":{"@type":"PropertyValueSpecification","valueRequired":true,"valueName":"search_term_string"}}],"inLanguage":"fr-FR"}]}},"_links":{"self":[{"href":"https:\/\/www.euphoriaretreat.com\/fr\/wp-json\/wp\/v2\/pages\/20430","targetHints":{"allow":["GET"]}}],"collection":[{"href":"https:\/\/www.euphoriaretreat.com\/fr\/wp-json\/wp\/v2\/pages"}],"about":[{"href":"https:\/\/www.euphoriaretreat.com\/fr\/wp-json\/wp\/v2\/types\/page"}],"author":[{"embeddable":true,"href":"https:\/\/www.euphoriaretreat.com\/fr\/wp-json\/wp\/v2\/users\/1"}],"replies":[{"embeddable":true,"href":"https:\/\/www.euphoriaretreat.com\/fr\/wp-json\/wp\/v2\/comments?post=20430"}],"version-history":[{"count":2,"href":"https:\/\/www.euphoriaretreat.com\/fr\/wp-json\/wp\/v2\/pages\/20430\/revisions"}],"predecessor-version":[{"id":20432,"href":"https:\/\/www.euphoriaretreat.com\/fr\/wp-json\/wp\/v2\/pages\/20430\/revisions\/20432"}],"up":[{"embeddable":true,"href":"https:\/\/www.euphoriaretreat.com\/fr\/wp-json\/wp\/v2\/pages\/20415"}],"wp:featuredmedia":[{"embeddable":true,"href":"https:\/\/www.euphoriaretreat.com\/fr\/wp-json\/wp\/v2\/media\/14408"}],"wp:attachment":[{"href":"https:\/\/www.euphoriaretreat.com\/fr\/wp-json\/wp\/v2\/media?parent=20430"}],"curies":[{"name":"wp","href":"https:\/\/api.w.org\/{rel}","templated":true}]}}