{"id":20630,"date":"2021-04-07T17:53:54","date_gmt":"2021-04-07T14:53:54","guid":{"rendered":"https:\/\/www.euphoriaretreat.com\/our-spa\/fantastic-facilities\/watsu-pool\/"},"modified":"2023-05-04T13:35:47","modified_gmt":"2023-05-04T10:35:47","slug":"watsu-pool","status":"publish","type":"page","link":"https:\/\/www.euphoriaretreat.com\/fr\/our-spa\/fantastic-facilities\/watsu-pool\/","title":{"rendered":"Piscine Watsu"},"content":{"rendered":"<p>Con\u00e7ue pour les th\u00e9rapies corporelles individuelles soutenantes, la piscine watsu est chauff\u00e9e \u00e0 une temp\u00e9rature confortable de 35\u00b0C. Des s\u00e9ances personnalis\u00e9es dirig\u00e9es par un praticien sp\u00e9cialis\u00e9 sont souvent utilis\u00e9es pour soulager la douleur et l&rsquo;inconfort en combinant des \u00e9l\u00e9ments de massage, de shiatsu, d&rsquo;extension musculaire et de mouvement articulaire.<br \/>\nLa r\u00e9sistance de l&rsquo;eau apaise les tensions physiques afin que le corps se d\u00e9tende et, alors que vous vous allongez en flottant dans l&rsquo;eau jusqu&rsquo;\u00e0 la poitrine, vous serez berc\u00e9, apais\u00e9 et doucement \u00e9tir\u00e9, ce qui favorise un flux d&rsquo;\u00e9nergie. Nos th\u00e9rapeutes parfaitement form\u00e9s optimiseront chaque traitement en fonction des changements subtils de vos muscles et de votre respiration.<\/p>\n","protected":false},"excerpt":{"rendered":"<p>Con\u00e7ue pour les th\u00e9rapies corporelles individuelles soutenantes, la piscine watsu est chauff\u00e9e \u00e0&#8230;<\/p>\n","protected":false},"author":1,"featured_media":24367,"parent":20234,"menu_order":0,"comment_status":"closed","ping_status":"closed","template":"page-templates\/restaurant.php","meta":{"_acf_changed":false,"footnotes":""},"class_list":["post-20630","page","type-page","status-publish","has-post-thumbnail","hentry"],"acf":[],"yoast_head":"<!-- This site is optimized with the Yoast SEO plugin v27.3 - https:\/\/yoast.com\/product\/yoast-seo-wordpress\/ -->\n<title>Aquatic bodywork in our heated Watsu pool | Euphoria Retreat<\/title>\n<meta name=\"description\" content=\"Personalised aquatic bodywork takes place at our heated Watsu pool, with the assistance of skilled practitioners who will support you every step of the way.\" \/>\n<meta name=\"robots\" content=\"index, follow, max-snippet:-1, max-image-preview:large, max-video-preview:-1\" \/>\n<link rel=\"canonical\" href=\"https:\/\/www.euphoriaretreat.com\/fr\/our-spa\/fantastic-facilities\/watsu-pool\/\" \/>\n<meta property=\"og:locale\" content=\"fr_FR\" \/>\n<meta property=\"og:type\" content=\"article\" \/>\n<meta property=\"og:title\" content=\"Aquatic bodywork in our heated Watsu pool | Euphoria Retreat\" \/>\n<meta property=\"og:description\" content=\"Personalised aquatic bodywork takes place at our heated Watsu pool, with the assistance of skilled practitioners who will support you every step of the way.\" \/>\n<meta property=\"og:url\" content=\"https:\/\/www.euphoriaretreat.com\/fr\/our-spa\/fantastic-facilities\/watsu-pool\/\" \/>\n<meta property=\"og:site_name\" content=\"Euphoria Retreat\" \/>\n<meta property=\"article:modified_time\" content=\"2023-05-04T10:35:47+00:00\" \/>\n<meta property=\"og:image\" content=\"https:\/\/www.euphoriaretreat.com\/app\/uploads\/sites\/74\/2021\/05\/watsu_result_cropped-compressor.jpeg\" \/>\n\t<meta property=\"og:image:width\" content=\"1920\" \/>\n\t<meta property=\"og:image:height\" content=\"1106\" \/>\n\t<meta property=\"og:image:type\" content=\"image\/jpeg\" \/>\n<meta name=\"twitter:card\" content=\"summary_large_image\" \/>\n<meta name=\"twitter:label1\" content=\"Dur\u00e9e de lecture estim\u00e9e\" \/>\n\t<meta name=\"twitter:data1\" content=\"1 minute\" \/>\n<script type=\"application\/ld+json\" class=\"yoast-schema-graph\">{\"@context\":\"https:\\\/\\\/schema.org\",\"@graph\":[{\"@type\":\"WebPage\",\"@id\":\"https:\\\/\\\/www.euphoriaretreat.com\\\/fr\\\/our-spa\\\/fantastic-facilities\\\/watsu-pool\\\/\",\"url\":\"https:\\\/\\\/www.euphoriaretreat.com\\\/fr\\\/our-spa\\\/fantastic-facilities\\\/watsu-pool\\\/\",\"name\":\"Aquatic bodywork in our heated Watsu pool | Euphoria Retreat\",\"isPartOf\":{\"@id\":\"https:\\\/\\\/www.euphoriaretreat.com\\\/fr\\\/#website\"},\"primaryImageOfPage\":{\"@id\":\"https:\\\/\\\/www.euphoriaretreat.com\\\/fr\\\/our-spa\\\/fantastic-facilities\\\/watsu-pool\\\/#primaryimage\"},\"image\":{\"@id\":\"https:\\\/\\\/www.euphoriaretreat.com\\\/fr\\\/our-spa\\\/fantastic-facilities\\\/watsu-pool\\\/#primaryimage\"},\"thumbnailUrl\":\"https:\\\/\\\/www.euphoriaretreat.com\\\/app\\\/uploads\\\/sites\\\/74\\\/2023\\\/10\\\/Euphoria_print\u00a9stavroshabakis-119.jpg\",\"datePublished\":\"2021-04-07T14:53:54+00:00\",\"dateModified\":\"2023-05-04T10:35:47+00:00\",\"description\":\"Personalised aquatic bodywork takes place at our heated Watsu pool, with the assistance of skilled practitioners who will support you every step of the way.\",\"breadcrumb\":{\"@id\":\"https:\\\/\\\/www.euphoriaretreat.com\\\/fr\\\/our-spa\\\/fantastic-facilities\\\/watsu-pool\\\/#breadcrumb\"},\"inLanguage\":\"fr-FR\",\"potentialAction\":[{\"@type\":\"ReadAction\",\"target\":[\"https:\\\/\\\/www.euphoriaretreat.com\\\/fr\\\/our-spa\\\/fantastic-facilities\\\/watsu-pool\\\/\"]}]},{\"@type\":\"ImageObject\",\"inLanguage\":\"fr-FR\",\"@id\":\"https:\\\/\\\/www.euphoriaretreat.com\\\/fr\\\/our-spa\\\/fantastic-facilities\\\/watsu-pool\\\/#primaryimage\",\"url\":\"https:\\\/\\\/www.euphoriaretreat.com\\\/app\\\/uploads\\\/sites\\\/74\\\/2023\\\/10\\\/Euphoria_print\u00a9stavroshabakis-119.jpg\",\"contentUrl\":\"https:\\\/\\\/www.euphoriaretreat.com\\\/app\\\/uploads\\\/sites\\\/74\\\/2023\\\/10\\\/Euphoria_print\u00a9stavroshabakis-119.jpg\",\"width\":1920,\"height\":1280,\"caption\":\"Euphoria Retreat\"},{\"@type\":\"BreadcrumbList\",\"@id\":\"https:\\\/\\\/www.euphoriaretreat.com\\\/fr\\\/our-spa\\\/fantastic-facilities\\\/watsu-pool\\\/#breadcrumb\",\"itemListElement\":[{\"@type\":\"ListItem\",\"position\":1,\"name\":\"Home\",\"item\":\"https:\\\/\\\/www.euphoriaretreat.com\\\/fr\\\/\"},{\"@type\":\"ListItem\",\"position\":2,\"name\":\"Notre Spa\",\"item\":\"https:\\\/\\\/www.euphoriaretreat.com\\\/fr\\\/our-spa\\\/\"},{\"@type\":\"ListItem\",\"position\":3,\"name\":\"Installations magnifiques\",\"item\":\"https:\\\/\\\/www.euphoriaretreat.com\\\/fr\\\/our-spa\\\/fantastic-facilities\\\/\"},{\"@type\":\"ListItem\",\"position\":4,\"name\":\"Piscine Watsu\"}]},{\"@type\":\"WebSite\",\"@id\":\"https:\\\/\\\/www.euphoriaretreat.com\\\/fr\\\/#website\",\"url\":\"https:\\\/\\\/www.euphoriaretreat.com\\\/fr\\\/\",\"name\":\"Euphoria Retreat\",\"description\":\"A holistic wellbeing destination spa. Located at the foot of Mount Taygetus and surrounded by its private forest, the 5-star Euphoria Retreat in Mystras, Peloponnese has a unique architectural design drawing inspiration from Byzantine architecture.\",\"potentialAction\":[{\"@type\":\"SearchAction\",\"target\":{\"@type\":\"EntryPoint\",\"urlTemplate\":\"https:\\\/\\\/www.euphoriaretreat.com\\\/fr\\\/?s={search_term_string}\"},\"query-input\":{\"@type\":\"PropertyValueSpecification\",\"valueRequired\":true,\"valueName\":\"search_term_string\"}}],\"inLanguage\":\"fr-FR\"}]}<\/script>\n<!-- \/ Yoast SEO plugin. -->","yoast_head_json":{"title":"Aquatic bodywork in our heated Watsu pool | Euphoria Retreat","description":"Personalised aquatic bodywork takes place at our heated Watsu pool, with the assistance of skilled practitioners who will support you every step of the way.","robots":{"index":"index","follow":"follow","max-snippet":"max-snippet:-1","max-image-preview":"max-image-preview:large","max-video-preview":"max-video-preview:-1"},"canonical":"https:\/\/www.euphoriaretreat.com\/fr\/our-spa\/fantastic-facilities\/watsu-pool\/","og_locale":"fr_FR","og_type":"article","og_title":"Aquatic bodywork in our heated Watsu pool | Euphoria Retreat","og_description":"Personalised aquatic bodywork takes place at our heated Watsu pool, with the assistance of skilled practitioners who will support you every step of the way.","og_url":"https:\/\/www.euphoriaretreat.com\/fr\/our-spa\/fantastic-facilities\/watsu-pool\/","og_site_name":"Euphoria Retreat","article_modified_time":"2023-05-04T10:35:47+00:00","og_image":[{"width":1920,"height":1106,"url":"https:\/\/www.euphoriaretreat.com\/app\/uploads\/sites\/74\/2021\/05\/watsu_result_cropped-compressor.jpeg","type":"image\/jpeg"}],"twitter_card":"summary_large_image","twitter_misc":{"Dur\u00e9e de lecture estim\u00e9e":"1 minute"},"schema":{"@context":"https:\/\/schema.org","@graph":[{"@type":"WebPage","@id":"https:\/\/www.euphoriaretreat.com\/fr\/our-spa\/fantastic-facilities\/watsu-pool\/","url":"https:\/\/www.euphoriaretreat.com\/fr\/our-spa\/fantastic-facilities\/watsu-pool\/","name":"Aquatic bodywork in our heated Watsu pool | Euphoria Retreat","isPartOf":{"@id":"https:\/\/www.euphoriaretreat.com\/fr\/#website"},"primaryImageOfPage":{"@id":"https:\/\/www.euphoriaretreat.com\/fr\/our-spa\/fantastic-facilities\/watsu-pool\/#primaryimage"},"image":{"@id":"https:\/\/www.euphoriaretreat.com\/fr\/our-spa\/fantastic-facilities\/watsu-pool\/#primaryimage"},"thumbnailUrl":"https:\/\/www.euphoriaretreat.com\/app\/uploads\/sites\/74\/2023\/10\/Euphoria_print\u00a9stavroshabakis-119.jpg","datePublished":"2021-04-07T14:53:54+00:00","dateModified":"2023-05-04T10:35:47+00:00","description":"Personalised aquatic bodywork takes place at our heated Watsu pool, with the assistance of skilled practitioners who will support you every step of the way.","breadcrumb":{"@id":"https:\/\/www.euphoriaretreat.com\/fr\/our-spa\/fantastic-facilities\/watsu-pool\/#breadcrumb"},"inLanguage":"fr-FR","potentialAction":[{"@type":"ReadAction","target":["https:\/\/www.euphoriaretreat.com\/fr\/our-spa\/fantastic-facilities\/watsu-pool\/"]}]},{"@type":"ImageObject","inLanguage":"fr-FR","@id":"https:\/\/www.euphoriaretreat.com\/fr\/our-spa\/fantastic-facilities\/watsu-pool\/#primaryimage","url":"https:\/\/www.euphoriaretreat.com\/app\/uploads\/sites\/74\/2023\/10\/Euphoria_print\u00a9stavroshabakis-119.jpg","contentUrl":"https:\/\/www.euphoriaretreat.com\/app\/uploads\/sites\/74\/2023\/10\/Euphoria_print\u00a9stavroshabakis-119.jpg","width":1920,"height":1280,"caption":"Euphoria Retreat"},{"@type":"BreadcrumbList","@id":"https:\/\/www.euphoriaretreat.com\/fr\/our-spa\/fantastic-facilities\/watsu-pool\/#breadcrumb","itemListElement":[{"@type":"ListItem","position":1,"name":"Home","item":"https:\/\/www.euphoriaretreat.com\/fr\/"},{"@type":"ListItem","position":2,"name":"Notre Spa","item":"https:\/\/www.euphoriaretreat.com\/fr\/our-spa\/"},{"@type":"ListItem","position":3,"name":"Installations magnifiques","item":"https:\/\/www.euphoriaretreat.com\/fr\/our-spa\/fantastic-facilities\/"},{"@type":"ListItem","position":4,"name":"Piscine Watsu"}]},{"@type":"WebSite","@id":"https:\/\/www.euphoriaretreat.com\/fr\/#website","url":"https:\/\/www.euphoriaretreat.com\/fr\/","name":"Euphoria Retreat","description":"A holistic wellbeing destination spa. Located at the foot of Mount Taygetus and surrounded by its private forest, the 5-star Euphoria Retreat in Mystras, Peloponnese has a unique architectural design drawing inspiration from Byzantine architecture.","potentialAction":[{"@type":"SearchAction","target":{"@type":"EntryPoint","urlTemplate":"https:\/\/www.euphoriaretreat.com\/fr\/?s={search_term_string}"},"query-input":{"@type":"PropertyValueSpecification","valueRequired":true,"valueName":"search_term_string"}}],"inLanguage":"fr-FR"}]}},"_links":{"self":[{"href":"https:\/\/www.euphoriaretreat.com\/fr\/wp-json\/wp\/v2\/pages\/20630","targetHints":{"allow":["GET"]}}],"collection":[{"href":"https:\/\/www.euphoriaretreat.com\/fr\/wp-json\/wp\/v2\/pages"}],"about":[{"href":"https:\/\/www.euphoriaretreat.com\/fr\/wp-json\/wp\/v2\/types\/page"}],"author":[{"embeddable":true,"href":"https:\/\/www.euphoriaretreat.com\/fr\/wp-json\/wp\/v2\/users\/1"}],"replies":[{"embeddable":true,"href":"https:\/\/www.euphoriaretreat.com\/fr\/wp-json\/wp\/v2\/comments?post=20630"}],"version-history":[{"count":1,"href":"https:\/\/www.euphoriaretreat.com\/fr\/wp-json\/wp\/v2\/pages\/20630\/revisions"}],"predecessor-version":[{"id":20631,"href":"https:\/\/www.euphoriaretreat.com\/fr\/wp-json\/wp\/v2\/pages\/20630\/revisions\/20631"}],"up":[{"embeddable":true,"href":"https:\/\/www.euphoriaretreat.com\/fr\/wp-json\/wp\/v2\/pages\/20234"}],"wp:featuredmedia":[{"embeddable":true,"href":"https:\/\/www.euphoriaretreat.com\/fr\/wp-json\/wp\/v2\/media\/24367"}],"wp:attachment":[{"href":"https:\/\/www.euphoriaretreat.com\/fr\/wp-json\/wp\/v2\/media?parent=20630"}],"curies":[{"name":"wp","href":"https:\/\/api.w.org\/{rel}","templated":true}]}}