{"id":20639,"date":"2021-04-07T17:59:15","date_gmt":"2021-04-07T14:59:15","guid":{"rendered":"https:\/\/www.euphoriaretreat.com\/our-spa\/fantastic-facilities\/ice-fountain\/"},"modified":"2023-05-04T13:35:41","modified_gmt":"2023-05-04T10:35:41","slug":"ice-fountain","status":"publish","type":"page","link":"https:\/\/www.euphoriaretreat.com\/fr\/our-spa\/fantastic-facilities\/ice-fountain\/","title":{"rendered":"Fontaine de glace"},"content":{"rendered":"<p>Avec des flocons froids tombant dans un ancien bol en marbre sculptural, la fontaine de glace est l&rsquo;antidote parfait \u00e0 une exp\u00e9rience thermale, comme une s\u00e9ance de sauna finlandais ou de hammam. Prenez des poign\u00e9es de glace et frottez doucement sur votre corps chauff\u00e9 pour ressentir un merveilleux picotement stimulant sur la peau alors qu&rsquo;elle se refroidit imm\u00e9diatement.<br \/>\nLe souffle rapide de la glace aide \u00e0 am\u00e9liorer la circulation dans le corps, \u00e0 lib\u00e9rer les toxines, \u00e0 renforcer le syst\u00e8me immunitaire et vous laisse une sensation de fra\u00eecheur.<\/p>\n","protected":false},"excerpt":{"rendered":"<p>Avec des flocons froids tombant dans un ancien bol en marbre sculptural, la fontaine de glace est l&#038;&#8230;<\/p>\n","protected":false},"author":1,"featured_media":24542,"parent":20234,"menu_order":0,"comment_status":"closed","ping_status":"closed","template":"page-templates\/restaurant.php","meta":{"_acf_changed":false,"footnotes":""},"class_list":["post-20639","page","type-page","status-publish","has-post-thumbnail","hentry"],"acf":[],"yoast_head":"<!-- This site is optimized with the Yoast SEO plugin v27.3 - https:\/\/yoast.com\/product\/yoast-seo-wordpress\/ -->\n<title>Refreshing Ice Fountain spa sessions | Euphoria Retreat<\/title>\n<meta name=\"description\" content=\"The ultimate antidote to thermal spa sessions, our Ice Fountain spa can improve circulation around the body, release toxins &amp; boost your immune system.\" \/>\n<meta name=\"robots\" content=\"index, follow, max-snippet:-1, max-image-preview:large, max-video-preview:-1\" \/>\n<link rel=\"canonical\" href=\"https:\/\/www.euphoriaretreat.com\/fr\/our-spa\/fantastic-facilities\/ice-fountain\/\" \/>\n<meta property=\"og:locale\" content=\"fr_FR\" \/>\n<meta property=\"og:type\" content=\"article\" \/>\n<meta property=\"og:title\" content=\"Refreshing Ice Fountain spa sessions | Euphoria Retreat\" \/>\n<meta property=\"og:description\" content=\"The ultimate antidote to thermal spa sessions, our Ice Fountain spa can improve circulation around the body, release toxins &amp; boost your immune system.\" \/>\n<meta property=\"og:url\" content=\"https:\/\/www.euphoriaretreat.com\/fr\/our-spa\/fantastic-facilities\/ice-fountain\/\" \/>\n<meta property=\"og:site_name\" content=\"Euphoria Retreat\" \/>\n<meta property=\"article:modified_time\" content=\"2023-05-04T10:35:41+00:00\" \/>\n<meta property=\"og:image\" content=\"https:\/\/www.euphoriaretreat.com\/app\/uploads\/sites\/74\/2021\/05\/DSC_9543_result-compressor.jpeg\" \/>\n\t<meta property=\"og:image:width\" content=\"1330\" \/>\n\t<meta property=\"og:image:height\" content=\"2000\" \/>\n\t<meta property=\"og:image:type\" content=\"image\/jpeg\" \/>\n<meta name=\"twitter:card\" content=\"summary_large_image\" \/>\n<meta name=\"twitter:label1\" content=\"Dur\u00e9e de lecture estim\u00e9e\" \/>\n\t<meta name=\"twitter:data1\" content=\"1 minute\" \/>\n<script type=\"application\/ld+json\" class=\"yoast-schema-graph\">{\"@context\":\"https:\\\/\\\/schema.org\",\"@graph\":[{\"@type\":\"WebPage\",\"@id\":\"https:\\\/\\\/www.euphoriaretreat.com\\\/fr\\\/our-spa\\\/fantastic-facilities\\\/ice-fountain\\\/\",\"url\":\"https:\\\/\\\/www.euphoriaretreat.com\\\/fr\\\/our-spa\\\/fantastic-facilities\\\/ice-fountain\\\/\",\"name\":\"Refreshing Ice Fountain spa sessions | Euphoria Retreat\",\"isPartOf\":{\"@id\":\"https:\\\/\\\/www.euphoriaretreat.com\\\/fr\\\/#website\"},\"primaryImageOfPage\":{\"@id\":\"https:\\\/\\\/www.euphoriaretreat.com\\\/fr\\\/our-spa\\\/fantastic-facilities\\\/ice-fountain\\\/#primaryimage\"},\"image\":{\"@id\":\"https:\\\/\\\/www.euphoriaretreat.com\\\/fr\\\/our-spa\\\/fantastic-facilities\\\/ice-fountain\\\/#primaryimage\"},\"thumbnailUrl\":\"https:\\\/\\\/www.euphoriaretreat.com\\\/app\\\/uploads\\\/sites\\\/74\\\/2023\\\/10\\\/Euphoria2020\u00a9VisualStoryteller-48-scaled.jpg\",\"datePublished\":\"2021-04-07T14:59:15+00:00\",\"dateModified\":\"2023-05-04T10:35:41+00:00\",\"description\":\"The ultimate antidote to thermal spa sessions, our Ice Fountain spa can improve circulation around the body, release toxins & boost your immune system.\",\"breadcrumb\":{\"@id\":\"https:\\\/\\\/www.euphoriaretreat.com\\\/fr\\\/our-spa\\\/fantastic-facilities\\\/ice-fountain\\\/#breadcrumb\"},\"inLanguage\":\"fr-FR\",\"potentialAction\":[{\"@type\":\"ReadAction\",\"target\":[\"https:\\\/\\\/www.euphoriaretreat.com\\\/fr\\\/our-spa\\\/fantastic-facilities\\\/ice-fountain\\\/\"]}]},{\"@type\":\"ImageObject\",\"inLanguage\":\"fr-FR\",\"@id\":\"https:\\\/\\\/www.euphoriaretreat.com\\\/fr\\\/our-spa\\\/fantastic-facilities\\\/ice-fountain\\\/#primaryimage\",\"url\":\"https:\\\/\\\/www.euphoriaretreat.com\\\/app\\\/uploads\\\/sites\\\/74\\\/2023\\\/10\\\/Euphoria2020\u00a9VisualStoryteller-48-scaled.jpg\",\"contentUrl\":\"https:\\\/\\\/www.euphoriaretreat.com\\\/app\\\/uploads\\\/sites\\\/74\\\/2023\\\/10\\\/Euphoria2020\u00a9VisualStoryteller-48-scaled.jpg\",\"width\":1707,\"height\":2560,\"caption\":\"Euphoria Retreat\"},{\"@type\":\"BreadcrumbList\",\"@id\":\"https:\\\/\\\/www.euphoriaretreat.com\\\/fr\\\/our-spa\\\/fantastic-facilities\\\/ice-fountain\\\/#breadcrumb\",\"itemListElement\":[{\"@type\":\"ListItem\",\"position\":1,\"name\":\"Home\",\"item\":\"https:\\\/\\\/www.euphoriaretreat.com\\\/fr\\\/\"},{\"@type\":\"ListItem\",\"position\":2,\"name\":\"Notre Spa\",\"item\":\"https:\\\/\\\/www.euphoriaretreat.com\\\/fr\\\/our-spa\\\/\"},{\"@type\":\"ListItem\",\"position\":3,\"name\":\"Installations magnifiques\",\"item\":\"https:\\\/\\\/www.euphoriaretreat.com\\\/fr\\\/our-spa\\\/fantastic-facilities\\\/\"},{\"@type\":\"ListItem\",\"position\":4,\"name\":\"Fontaine de glace\"}]},{\"@type\":\"WebSite\",\"@id\":\"https:\\\/\\\/www.euphoriaretreat.com\\\/fr\\\/#website\",\"url\":\"https:\\\/\\\/www.euphoriaretreat.com\\\/fr\\\/\",\"name\":\"Euphoria Retreat\",\"description\":\"A holistic wellbeing destination spa. Located at the foot of Mount Taygetus and surrounded by its private forest, the 5-star Euphoria Retreat in Mystras, Peloponnese has a unique architectural design drawing inspiration from Byzantine architecture.\",\"potentialAction\":[{\"@type\":\"SearchAction\",\"target\":{\"@type\":\"EntryPoint\",\"urlTemplate\":\"https:\\\/\\\/www.euphoriaretreat.com\\\/fr\\\/?s={search_term_string}\"},\"query-input\":{\"@type\":\"PropertyValueSpecification\",\"valueRequired\":true,\"valueName\":\"search_term_string\"}}],\"inLanguage\":\"fr-FR\"}]}<\/script>\n<!-- \/ Yoast SEO plugin. -->","yoast_head_json":{"title":"Refreshing Ice Fountain spa sessions | Euphoria Retreat","description":"The ultimate antidote to thermal spa sessions, our Ice Fountain spa can improve circulation around the body, release toxins & boost your immune system.","robots":{"index":"index","follow":"follow","max-snippet":"max-snippet:-1","max-image-preview":"max-image-preview:large","max-video-preview":"max-video-preview:-1"},"canonical":"https:\/\/www.euphoriaretreat.com\/fr\/our-spa\/fantastic-facilities\/ice-fountain\/","og_locale":"fr_FR","og_type":"article","og_title":"Refreshing Ice Fountain spa sessions | Euphoria Retreat","og_description":"The ultimate antidote to thermal spa sessions, our Ice Fountain spa can improve circulation around the body, release toxins & boost your immune system.","og_url":"https:\/\/www.euphoriaretreat.com\/fr\/our-spa\/fantastic-facilities\/ice-fountain\/","og_site_name":"Euphoria Retreat","article_modified_time":"2023-05-04T10:35:41+00:00","og_image":[{"width":1330,"height":2000,"url":"https:\/\/www.euphoriaretreat.com\/app\/uploads\/sites\/74\/2021\/05\/DSC_9543_result-compressor.jpeg","type":"image\/jpeg"}],"twitter_card":"summary_large_image","twitter_misc":{"Dur\u00e9e de lecture estim\u00e9e":"1 minute"},"schema":{"@context":"https:\/\/schema.org","@graph":[{"@type":"WebPage","@id":"https:\/\/www.euphoriaretreat.com\/fr\/our-spa\/fantastic-facilities\/ice-fountain\/","url":"https:\/\/www.euphoriaretreat.com\/fr\/our-spa\/fantastic-facilities\/ice-fountain\/","name":"Refreshing Ice Fountain spa sessions | Euphoria Retreat","isPartOf":{"@id":"https:\/\/www.euphoriaretreat.com\/fr\/#website"},"primaryImageOfPage":{"@id":"https:\/\/www.euphoriaretreat.com\/fr\/our-spa\/fantastic-facilities\/ice-fountain\/#primaryimage"},"image":{"@id":"https:\/\/www.euphoriaretreat.com\/fr\/our-spa\/fantastic-facilities\/ice-fountain\/#primaryimage"},"thumbnailUrl":"https:\/\/www.euphoriaretreat.com\/app\/uploads\/sites\/74\/2023\/10\/Euphoria2020\u00a9VisualStoryteller-48-scaled.jpg","datePublished":"2021-04-07T14:59:15+00:00","dateModified":"2023-05-04T10:35:41+00:00","description":"The ultimate antidote to thermal spa sessions, our Ice Fountain spa can improve circulation around the body, release toxins & boost your immune system.","breadcrumb":{"@id":"https:\/\/www.euphoriaretreat.com\/fr\/our-spa\/fantastic-facilities\/ice-fountain\/#breadcrumb"},"inLanguage":"fr-FR","potentialAction":[{"@type":"ReadAction","target":["https:\/\/www.euphoriaretreat.com\/fr\/our-spa\/fantastic-facilities\/ice-fountain\/"]}]},{"@type":"ImageObject","inLanguage":"fr-FR","@id":"https:\/\/www.euphoriaretreat.com\/fr\/our-spa\/fantastic-facilities\/ice-fountain\/#primaryimage","url":"https:\/\/www.euphoriaretreat.com\/app\/uploads\/sites\/74\/2023\/10\/Euphoria2020\u00a9VisualStoryteller-48-scaled.jpg","contentUrl":"https:\/\/www.euphoriaretreat.com\/app\/uploads\/sites\/74\/2023\/10\/Euphoria2020\u00a9VisualStoryteller-48-scaled.jpg","width":1707,"height":2560,"caption":"Euphoria Retreat"},{"@type":"BreadcrumbList","@id":"https:\/\/www.euphoriaretreat.com\/fr\/our-spa\/fantastic-facilities\/ice-fountain\/#breadcrumb","itemListElement":[{"@type":"ListItem","position":1,"name":"Home","item":"https:\/\/www.euphoriaretreat.com\/fr\/"},{"@type":"ListItem","position":2,"name":"Notre Spa","item":"https:\/\/www.euphoriaretreat.com\/fr\/our-spa\/"},{"@type":"ListItem","position":3,"name":"Installations magnifiques","item":"https:\/\/www.euphoriaretreat.com\/fr\/our-spa\/fantastic-facilities\/"},{"@type":"ListItem","position":4,"name":"Fontaine de glace"}]},{"@type":"WebSite","@id":"https:\/\/www.euphoriaretreat.com\/fr\/#website","url":"https:\/\/www.euphoriaretreat.com\/fr\/","name":"Euphoria Retreat","description":"A holistic wellbeing destination spa. Located at the foot of Mount Taygetus and surrounded by its private forest, the 5-star Euphoria Retreat in Mystras, Peloponnese has a unique architectural design drawing inspiration from Byzantine architecture.","potentialAction":[{"@type":"SearchAction","target":{"@type":"EntryPoint","urlTemplate":"https:\/\/www.euphoriaretreat.com\/fr\/?s={search_term_string}"},"query-input":{"@type":"PropertyValueSpecification","valueRequired":true,"valueName":"search_term_string"}}],"inLanguage":"fr-FR"}]}},"_links":{"self":[{"href":"https:\/\/www.euphoriaretreat.com\/fr\/wp-json\/wp\/v2\/pages\/20639","targetHints":{"allow":["GET"]}}],"collection":[{"href":"https:\/\/www.euphoriaretreat.com\/fr\/wp-json\/wp\/v2\/pages"}],"about":[{"href":"https:\/\/www.euphoriaretreat.com\/fr\/wp-json\/wp\/v2\/types\/page"}],"author":[{"embeddable":true,"href":"https:\/\/www.euphoriaretreat.com\/fr\/wp-json\/wp\/v2\/users\/1"}],"replies":[{"embeddable":true,"href":"https:\/\/www.euphoriaretreat.com\/fr\/wp-json\/wp\/v2\/comments?post=20639"}],"version-history":[{"count":1,"href":"https:\/\/www.euphoriaretreat.com\/fr\/wp-json\/wp\/v2\/pages\/20639\/revisions"}],"predecessor-version":[{"id":20640,"href":"https:\/\/www.euphoriaretreat.com\/fr\/wp-json\/wp\/v2\/pages\/20639\/revisions\/20640"}],"up":[{"embeddable":true,"href":"https:\/\/www.euphoriaretreat.com\/fr\/wp-json\/wp\/v2\/pages\/20234"}],"wp:featuredmedia":[{"embeddable":true,"href":"https:\/\/www.euphoriaretreat.com\/fr\/wp-json\/wp\/v2\/media\/24542"}],"wp:attachment":[{"href":"https:\/\/www.euphoriaretreat.com\/fr\/wp-json\/wp\/v2\/media?parent=20639"}],"curies":[{"name":"wp","href":"https:\/\/api.w.org\/{rel}","templated":true}]}}